{"id":11528,"date":"2024-02-06T14:12:16","date_gmt":"2024-02-06T14:12:16","guid":{"rendered":"https:\/\/bschairs.it\/?page_id=11528"},"modified":"2024-05-14T21:41:35","modified_gmt":"2024-05-14T21:41:35","slug":"cookie-richtlinie","status":"publish","type":"page","link":"https:\/\/bschairs.it\/de\/cookie-policy\/","title":{"rendered":"Cookie-Richtlinie"},"content":{"rendered":"<div data-elementor-type=\"wp-page\" data-elementor-id=\"11528\" class=\"elementor elementor-11528\" data-elementor-post-type=\"page\">\n\t\t\t\t<div class=\"elementor-element elementor-element-652553f e-flex e-con-boxed e-con e-parent\" data-id=\"652553f\" data-element_type=\"container\">\n\t\t\t\t\t<div class=\"e-con-inner\">\n\t\t\t\t<div class=\"elementor-element elementor-element-6810f2b elementor-widget elementor-widget-text-editor\" data-id=\"6810f2b\" data-element_type=\"widget\" data-widget_type=\"text-editor.default\">\n\t\t\t\t<div class=\"elementor-widget-container\">\n\t\t\t\t\t\t\t\t\t<!-- #######  THIS IS A COMMENT - Visible only in the source editor #########-->\n<h1><strong>Cookie-Richtlinie<\/strong><\/h1>\n<p>In Kraft getreten am: 06-Feb-2024<br \/>Letztes Update: 06-Feb-2024<\/p>\n<p><strong>Was sind Cookies?<\/strong><br \/>Diese Cookie-Richtlinie erkl\u00e4rt, was Cookies sind und wie wir sie verwenden, die Arten von Cookies, die wir verwenden, n\u00e4mlich die Informationen, die wir mithilfe von Cookies sammeln, wie diese Informationen verwendet werden, und wie Sie die Cookie-Einstellungen verwalten k\u00f6nnen.<\/p>\n<p>Cookies sind kleine Textdateien, die verwendet werden, um kleine Mengen von Informationen zu speichern. Sie werden auf Ihrem Ger\u00e4t gespeichert, wenn die Website in Ihrem Browser geladen wird. Diese Cookies helfen uns sicherzustellen, dass die Website ordnungsgem\u00e4\u00df funktioniert, sie sicherer zu machen, eine bessere Benutzererfahrung zu bieten und zu verstehen, wie sich die Website verh\u00e4lt und zu analysieren, was funktioniert und wo Verbesserungen erforderlich sind.<\/p>\n<p><strong>Wie verwenden wir Cookies?<\/strong><br \/>Wie die meisten Online-Dienste verwendet unsere Website sowohl Erst- als auch Drittanbieter-Cookies f\u00fcr verschiedene Zwecke. Erstanbieter-Cookies sind haupts\u00e4chlich erforderlich, damit die Website richtig funktioniert, und sammeln keine Ihrer pers\u00f6nlich identifizierbaren Daten.<\/p>\n<p>Die von uns auf unserer Website verwendeten Drittanbieter-Cookies dienen haupts\u00e4chlich dazu, das Verhalten der Website zu verstehen, wie Sie mit unserer Website interagieren, unsere Dienste sicher zu halten, relevante Werbung f\u00fcr Sie bereitzustellen und insgesamt eine bessere und verbesserte Benutzererfahrung zu bieten und Ihnen dabei zu helfen, Ihre zuk\u00fcnftigen Interaktionen mit unserer Website zu beschleunigen.<\/p>\n<p><strong>Die von uns verwendeten Cookies<\/strong><\/p>\n<p><strong>Cookie-Einstellungen verwalten<\/strong><\/p>\n<p><em><u><a class=\"cky-banner-element\">Cookie-Einstellungen<\/a><\/em><\/u>   <br \/>Sie k\u00f6nnen Ihre Cookie-Einstellungen jederzeit \u00e4ndern, indem Sie auf die Schaltfl\u00e4che oben klicken. Dadurch k\u00f6nnen Sie das Cookie-Zustimmungsbanner \u00fcberpr\u00fcfen und Ihre Einstellungen \u00e4ndern oder Ihre Zustimmung sofort widerrufen.<\/p>\n<p>Dar\u00fcber hinaus bieten verschiedene Browser verschiedene Methoden zum Blockieren und L\u00f6schen von Cookies, die von Websites verwendet werden. Sie k\u00f6nnen die Einstellungen Ihres Browsers \u00e4ndern, um Cookies zu blockieren\/l\u00f6schen. Unten finden Sie Links zu Support-Dokumenten, wie Sie Cookies in den wichtigsten Webbrowsern verwalten und l\u00f6schen k\u00f6nnen.<\/p>\n<p><strong>Chrome:<\/strong> <a href=\"https:\/\/support.google.com\/accounts\/answer\/32050\" target=\"_blank\" rel=\"noopener\">https:\/\/support.google.com\/accounts\/answer\/32050<\/a><\/p>\n<p><strong>Safari:<\/strong> <a href=\"https:\/\/support.apple.com\/it-it\/guide\/safari\/sfri11471\/mac\" target=\"_blank\" rel=\"noopener\">https:\/\/support.apple.com\/it-it\/guide\/safari\/sfri11471\/mac<\/a><\/p>\n<p><strong>Firefox:<\/strong> <a href=\"https:\/\/support.mozilla.org\/it\/kb\/eliminare-cookie-e-dati-siti-firefox?redirectslug=delete-cookies-remove-info-websites-stored&amp;redirectlocale=it\" target=\"_blank\" rel=\"noopener\">https:\/\/support.mozilla.org\/it\/kb\/eliminare-cookie-e-dati-siti-firefox?redirectslug=delete-cookies-remove-info-websites-stored&amp;redirectlocale=it<\/a><\/p>\n<p><strong>Internet Explorer:<\/strong> <a href=\"https:\/\/support.microsoft.com\/it-it\/topic\/come-eliminare-i-file-cookie-in-internet-explorer-bca9446f-d873-78de-77ba-d42645fa52fc\" target=\"_blank\" rel=\"noopener\">https:\/\/support.microsoft.com\/it-it\/topic\/come-eliminare-i-file-cookie-in-internet-explorer-bca9446f-d873-78de-77ba-d42645fa52fc<\/a><\/p>\n<p>Wenn Sie einen anderen Webbrowser verwenden, besuchen Sie die offiziellen Support-Dokumente Ihres Browsers.<\/p>\t\t\t\t\t\t\t\t<\/div>\n\t\t\t\t<\/div>\n\t\t\t\t\t<\/div>\n\t\t\t\t<\/div>\n\t\t\t\t<\/div>","protected":false},"excerpt":{"rendered":"<p>Politica sui Cookie Data di Entrata in Vigore: 06-Feb-2024Ultimo Aggiornamento: 06-Feb-2024 Cosa sono i cookie?Questa Politica sui Cookie spiega cosa sono i cookie e come li usiamo, i tipi di cookie che utilizziamo, ovvero le informazioni che raccogliamo utilizzando i cookie e come queste informazioni vengono utilizzate, e come gestire le impostazioni dei cookie. I [&hellip;]<\/p>\n","protected":false},"author":1,"featured_media":46,"parent":0,"menu_order":0,"comment_status":"closed","ping_status":"closed","template":"elementor_header_footer","meta":{"footnotes":""},"class_list":["post-11528","page","type-page","status-publish","has-post-thumbnail","hentry"],"_links":{"self":[{"href":"https:\/\/bschairs.it\/de\/wp-json\/wp\/v2\/pages\/11528","targetHints":{"allow":["GET"]}}],"collection":[{"href":"https:\/\/bschairs.it\/de\/wp-json\/wp\/v2\/pages"}],"about":[{"href":"https:\/\/bschairs.it\/de\/wp-json\/wp\/v2\/types\/page"}],"author":[{"embeddable":true,"href":"https:\/\/bschairs.it\/de\/wp-json\/wp\/v2\/users\/1"}],"replies":[{"embeddable":true,"href":"https:\/\/bschairs.it\/de\/wp-json\/wp\/v2\/comments?post=11528"}],"version-history":[{"count":14,"href":"https:\/\/bschairs.it\/de\/wp-json\/wp\/v2\/pages\/11528\/revisions"}],"predecessor-version":[{"id":14833,"href":"https:\/\/bschairs.it\/de\/wp-json\/wp\/v2\/pages\/11528\/revisions\/14833"}],"wp:featuredmedia":[{"embeddable":true,"href":"https:\/\/bschairs.it\/de\/wp-json\/wp\/v2\/media\/46"}],"wp:attachment":[{"href":"https:\/\/bschairs.it\/de\/wp-json\/wp\/v2\/media?parent=11528"}],"curies":[{"name":"wp","href":"https:\/\/api.w.org\/{rel}","templated":true}]}}