{"id":14503,"date":"2024-02-29T14:09:59","date_gmt":"2024-02-29T14:09:59","guid":{"rendered":"https:\/\/bschairs.it\/?page_id=14503"},"modified":"2024-03-20T12:05:14","modified_gmt":"2024-03-20T12:05:14","slug":"virtual-showroom","status":"publish","type":"page","link":"https:\/\/bschairs.it\/de\/virtual-showroom\/","title":{"rendered":"Virtual showroom"},"content":{"rendered":"<div data-elementor-type=\"wp-page\" data-elementor-id=\"14503\" class=\"elementor elementor-14503\" data-elementor-post-type=\"page\">\n\t\t\t\t<div class=\"elementor-element elementor-element-a0a2e21 e-flex e-con-boxed e-con e-parent\" data-id=\"a0a2e21\" data-element_type=\"container\">\n\t\t\t\t\t<div class=\"e-con-inner\">\n\t\t<div class=\"elementor-element elementor-element-18fb2c9 e-con-full e-flex e-con e-child\" data-id=\"18fb2c9\" data-element_type=\"container\">\n\t\t\t\t<div class=\"elementor-element elementor-element-13dfe63 elementor-widget elementor-widget-html\" data-id=\"13dfe63\" data-element_type=\"widget\" data-widget_type=\"html.default\">\n\t\t\t\t<div class=\"elementor-widget-container\">\n\t\t\t\t\t<div class=\"container\">\n    <div class=\"iframe-container\">\n        <iframe class=\"responsive-iframe\" id=\"iframetour\" allow=\"fullscreen\" src=\"https:\/\/bshotel.bschairs.it\/\" width=\"100%\" height=\"auto\" allowfullscreen><\/iframe>\n        <button id=\"exitFullscreen\" style=\"display:none;\">X<\/button>\n    <\/div>\n<\/div>\n<style>.iframe-container {\n    position: static;\n}\n\n#exitFullscreen {\n    display: none;\n    position: absolute;\n    top: 76px;\n    right: 56px;\n    z-index: 9999;\n    background-color: #ff577f;\n    color: #fff;\n    border: none;\n    cursor: pointer;\n    padding: 5px 12px;\n    font-size: 16px;\n    border-radius: 4px;\n}\n\n   @media screen and (max-width: 1200px) {\n #exitFullscreen {\n      top: 45px;\n    right: 20px;}\n    div#1 {\n    DISPLAY: none !important;\n}\n}\ndiv#81 {\n    DISPLAY: none !important;\n}<\/style>\n\t\t\t\t<\/div>\n\t\t\t\t<\/div>\n\t\t\t\t<div class=\"elementor-element elementor-element-8426fd2 elementor-align-center elementor-hidden-desktop elementor-hidden-tablet elementor-widget elementor-widget-button\" data-id=\"8426fd2\" data-element_type=\"widget\" id=\"enterFullscreenMobile\" data-widget_type=\"button.default\">\n\t\t\t\t<div class=\"elementor-widget-container\">\n\t\t\t\t\t\t\t\t\t<div class=\"elementor-button-wrapper\">\n\t\t\t\t\t<a class=\"elementor-button elementor-size-sm\" role=\"button\" id=\"enterFullscreenMobile\">\n\t\t\t\t\t\t<span class=\"elementor-button-content-wrapper\">\n\t\t\t\t\t\t\t\t\t<span class=\"elementor-button-text\">Vollbildansicht<\/span>\n\t\t\t\t\t<\/span>\n\t\t\t\t\t<\/a>\n\t\t\t\t<\/div>\n\t\t\t\t\t\t\t\t<\/div>\n\t\t\t\t<\/div>\n\t\t\t\t<\/div>\n\t\t<div class=\"elementor-element elementor-element-d9644cc e-con-full e-flex e-con e-child\" data-id=\"d9644cc\" data-element_type=\"container\">\n\t\t\t\t<div class=\"elementor-element elementor-element-9b4c0cb animated-slow elementor-invisible elementor-widget elementor-widget-heading\" data-id=\"9b4c0cb\" data-element_type=\"widget\" data-settings=\"{&quot;_animation&quot;:&quot;fadeIn&quot;}\" data-widget_type=\"heading.default\">\n\t\t\t\t<div class=\"elementor-widget-container\">\n\t\t\t\t\t<h1 class=\"elementor-heading-title elementor-size-default\">Erkunden Sie die virtuelle Tour der BS Chairs\n<\/h1>\t\t\t\t<\/div>\n\t\t\t\t<\/div>\n\t\t\t\t<div class=\"elementor-element elementor-element-78cffcb animated-slow elementor-invisible elementor-widget elementor-widget-heading\" data-id=\"78cffcb\" data-element_type=\"widget\" data-settings=\"{&quot;_animation&quot;:&quot;fadeIn&quot;}\" data-widget_type=\"heading.default\">\n\t\t\t\t<div class=\"elementor-widget-container\">\n\t\t\t\t\t<h2 class=\"elementor-heading-title elementor-size-default\">Der virtuelle Rundgang f\u00fcr M\u00f6belzubeh\u00f6r\n<\/h2>\t\t\t\t<\/div>\n\t\t\t\t<\/div>\n\t\t\t\t<div class=\"elementor-element elementor-element-4f3b1a8 animated-slow elementor-invisible elementor-widget elementor-widget-text-editor\" data-id=\"4f3b1a8\" data-element_type=\"widget\" data-settings=\"{&quot;_animation&quot;:&quot;fadeIn&quot;,&quot;_animation_delay&quot;:500}\" data-widget_type=\"text-editor.default\">\n\t\t\t\t<div class=\"elementor-widget-container\">\n\t\t\t\t\t\t\t\t\t<p>Erleben Sie den interaktiven virtuellen Rundgang. Unsere Kollektion von Sesseln, Sesseln und St\u00fchlen in atemberaubenden Umgebungen: von der Lobby \u00fcber die gem\u00fctliche Atmosph\u00e4re von Hotelzimmern bis hin zu dynamischen Tagungsr\u00e4umen und eleganten Restaurantr\u00e4umen, die f\u00fcr unseren virtuellen Rundgang geschaffen wurden.<\/p><p>Spielen Sie mit den Produktstoffen und w\u00e4hlen Sie die Kombination, die Ihnen am besten gef\u00e4llt. St\u00f6bern Sie in den vorgeschlagenen R\u00e4umen und stellen Sie sich neue Einrichtungsaccessoires f\u00fcr Ihr Restaurant, Ihr Hotel und Ihr Hotel vor.<\/p>\t\t\t\t\t\t\t\t<\/div>\n\t\t\t\t<\/div>\n\t\t\t\t<div class=\"elementor-element elementor-element-5decdb6 elementor-hidden-mobile elementor-widget elementor-widget-button\" data-id=\"5decdb6\" data-element_type=\"widget\" id=\"enterFullscreen\" data-widget_type=\"button.default\">\n\t\t\t\t<div class=\"elementor-widget-container\">\n\t\t\t\t\t\t\t\t\t<div class=\"elementor-button-wrapper\">\n\t\t\t\t\t<a class=\"elementor-button elementor-size-sm\" role=\"button\" id=\"enterFullscreen\">\n\t\t\t\t\t\t<span class=\"elementor-button-content-wrapper\">\n\t\t\t\t\t\t\t\t\t<span class=\"elementor-button-text\">Vollbildansicht<\/span>\n\t\t\t\t\t<\/span>\n\t\t\t\t\t<\/a>\n\t\t\t\t<\/div>\n\t\t\t\t\t\t\t\t<\/div>\n\t\t\t\t<\/div>\n\t\t\t\t<div class=\"elementor-element elementor-element-d79e45d elementor-widget elementor-widget-html\" data-id=\"d79e45d\" data-element_type=\"widget\" data-widget_type=\"html.default\">\n\t\t\t\t<div class=\"elementor-widget-container\">\n\t\t\t\t\t<script>\ndocument.addEventListener('DOMContentLoaded', (event) => {\n    var enterFullscreenButton = document.getElementById('enterFullscreen');\n    var enterFullscreenMobileButton = document.getElementById('enterFullscreenMobile');\n    var exitFullscreenButton = document.getElementById('exitFullscreen');\n    var iframeContainer = document.querySelector('.iframe-container');\n\n    \/\/ Funzione per entrare in modalit\u00e0 a schermo intero\n    function enterFullscreen() {\n        if (iframeContainer.requestFullscreen) {\n            iframeContainer.requestFullscreen();\n        } else if (iframeContainer.mozRequestFullScreen) { \/* Firefox *\/\n            iframeContainer.mozRequestFullScreen();\n        } else if (iframeContainer.webkitRequestFullscreen) { \/* Chrome, Safari & Opera *\/\n            iframeContainer.webkitRequestFullscreen();\n        } else if (iframeContainer.msRequestFullscreen) { \/* IE\/Edge *\/\n            iframeContainer.msRequestFullscreen();\n        }\n        exitFullscreenButton.style.display = 'block';\n    }\n\n    \/\/ Aggiunta listener ai pulsanti\n    if (enterFullscreenButton) {\n        enterFullscreenButton.addEventListener('click', enterFullscreen);\n    }\n\n    \/\/ Nascondere il pulsante `enterFullscreenMobile` solo su Safari su iPhone\n    var userAgent = navigator.userAgent.toLowerCase();\n    var isSafariMobile = \/iphone|ipad|ipod\/.test(userAgent) && \/safari\/.test(userAgent);\n    if (isSafariMobile && enterFullscreenMobileButton) {\n        enterFullscreenMobileButton.style.display = 'none';\n    } else if (enterFullscreenMobileButton) {\n        enterFullscreenMobileButton.addEventListener('click', enterFullscreen);\n    }\n\n    \/\/ Funzione per uscire dalla modalit\u00e0 a schermo intero\n    function exitFullscreen() {\n        if (document.exitFullscreen) {\n            document.exitFullscreen();\n        } else if (document.mozCancelFullScreen) { \/* Firefox *\/\n            document.mozCancelFullScreen();\n        } else if (document.webkitExitFullscreen) { \/* Chrome, Safari & Opera *\/\n            document.webkitExitFullscreen();\n        } else if (document.msExitFullscreen) { \/* IE\/Edge *\/\n            document.msExitFullscreen();\n        }\n        exitFullscreenButton.style.display = 'none';\n    }\n\n    if (exitFullscreenButton) {\n        exitFullscreenButton.addEventListener('click', exitFullscreen);\n    }\n\n    \/\/ Listener per il tasto \"Esc\"\n    document.addEventListener('keydown', function(e) {\n        if (e.key === \"Escape\") {\n            exitFullscreen();\n        }\n    });\n});\n\n<\/script> \n\t\t\t\t<\/div>\n\t\t\t\t<\/div>\n\t\t\t\t<\/div>\n\t\t\t\t\t<\/div>\n\t\t\t\t<\/div>\n\t\t\t\t<\/div>","protected":false},"excerpt":{"rendered":"<p>X Visualizzalo a schermo intero Esplora il tour virtuale di BS Chairs Il tour virtuale per i complementi d&#8217;arredo Vivi l&#8217;esperienza interattiva del tour virtuale. La nostra collezione di poltroncine, poltrone e sedie in contesti mozzafiato: dalla hall all&#8217;atmosfera accogliente delle camere d&#8217;albergo, alle sale riunioni dinamiche e alle eleganti sale ristorante realizzate per il [&hellip;]<\/p>\n","protected":false},"author":1,"featured_media":14380,"parent":0,"menu_order":0,"comment_status":"closed","ping_status":"closed","template":"elementor_header_footer","meta":{"footnotes":""},"class_list":["post-14503","page","type-page","status-publish","has-post-thumbnail","hentry"],"_links":{"self":[{"href":"https:\/\/bschairs.it\/de\/wp-json\/wp\/v2\/pages\/14503","targetHints":{"allow":["GET"]}}],"collection":[{"href":"https:\/\/bschairs.it\/de\/wp-json\/wp\/v2\/pages"}],"about":[{"href":"https:\/\/bschairs.it\/de\/wp-json\/wp\/v2\/types\/page"}],"author":[{"embeddable":true,"href":"https:\/\/bschairs.it\/de\/wp-json\/wp\/v2\/users\/1"}],"replies":[{"embeddable":true,"href":"https:\/\/bschairs.it\/de\/wp-json\/wp\/v2\/comments?post=14503"}],"version-history":[{"count":163,"href":"https:\/\/bschairs.it\/de\/wp-json\/wp\/v2\/pages\/14503\/revisions"}],"predecessor-version":[{"id":14688,"href":"https:\/\/bschairs.it\/de\/wp-json\/wp\/v2\/pages\/14503\/revisions\/14688"}],"wp:featuredmedia":[{"embeddable":true,"href":"https:\/\/bschairs.it\/de\/wp-json\/wp\/v2\/media\/14380"}],"wp:attachment":[{"href":"https:\/\/bschairs.it\/de\/wp-json\/wp\/v2\/media?parent=14503"}],"curies":[{"name":"wp","href":"https:\/\/api.w.org\/{rel}","templated":true}]}}