{"id":58,"date":"2024-01-15T16:05:58","date_gmt":"2024-01-15T16:05:58","guid":{"rendered":"https:\/\/bschairs.it\/?page_id=58"},"modified":"2024-07-31T10:18:09","modified_gmt":"2024-07-31T10:18:09","slug":"datenschutzbestimmungen","status":"publish","type":"page","link":"https:\/\/bschairs.it\/de\/privacy-policy\/","title":{"rendered":"Datenschutzbestimmungen"},"content":{"rendered":"<div data-elementor-type=\"wp-page\" data-elementor-id=\"58\" class=\"elementor elementor-58\" data-elementor-post-type=\"page\">\n\t\t\t\t<div class=\"elementor-element elementor-element-8220083 e-flex e-con-boxed e-con e-parent\" data-id=\"8220083\" data-element_type=\"container\">\n\t\t\t\t\t<div class=\"e-con-inner\">\n\t\t\t\t<div class=\"elementor-element elementor-element-b94fed2 elementor-widget elementor-widget-text-editor\" data-id=\"b94fed2\" data-element_type=\"widget\" data-widget_type=\"text-editor.default\">\n\t\t\t\t<div class=\"elementor-widget-container\">\n\t\t\t\t\t\t\t\t\t<h1><strong>Datenschutzbestimmungen<\/strong><\/h1><p>Letztes Update: 06-Feb-2024<br \/>In Kraft getreten am: 06-Feb-2024<\/p><p>Questa Informativa sulla Privacy descrive le politiche di BS Chairs, Via Veneto, 928 \u2013 Casale di Scodosia, Padova 35040, Italia, email: info@bschairs.it, telefono: +39 0429 878329 sulla raccolta, utilizzo e divulgazione delle tue informazioni che raccogliamo quando utilizzi il nostro sito web ( https:\/\/bschairs.it ). (il \u201cServizio\u201d). Accedendo o utilizzando il Servizio, acconsenti alla raccolta, all&#8217;utilizzo e alla divulgazione delle tue informazioni in conformit\u00e0 con questa Informativa sulla Privacy. Se non acconsenti allo stesso, ti preghiamo di non accedere o utilizzare il Servizio.<br \/>Wir k\u00f6nnen diese Datenschutzerkl\u00e4rung jederzeit ohne vorherige Ank\u00fcndigung \u00e4ndern und die \u00fcberarbeitete Datenschutzerkl\u00e4rung auf dem Service ver\u00f6ffentlichen. Die \u00fcberarbeitete Richtlinie wird 180 Tage nach Ver\u00f6ffentlichung im Service wirksam sein, und Ihre fortgesetzte Nutzung des Dienstes nach diesem Zeitraum stellt Ihre Zustimmung zur \u00fcberarbeiteten Datenschutzerkl\u00e4rung dar. Wir empfehlen Ihnen daher, diese Seite regelm\u00e4\u00dfig zu \u00fcberpr\u00fcfen.<\/p><p><strong>Erhobene Informationen:<\/strong><br \/>Wir werden folgende personenbezogene Daten \u00fcber Sie sammeln und verarbeiten:<\/p><p>Name<br \/>Email<br \/>Unternehmensname<\/p><p><strong>Wie wir Ihre Informationen verwenden:<\/strong><br \/>Wir verwenden die von uns \u00fcber Sie gesammelten Informationen f\u00fcr folgende Zwecke:<\/p><p><strong>Marketing\/Werbung<\/strong><br \/>Wenn wir Ihre Informationen f\u00fcr jeden anderen Zweck verwenden m\u00f6chten, werden wir Ihre Zustimmung einholen und Ihre Informationen nur nach Erhalt Ihrer Zustimmung verwenden und dann nur f\u00fcr den\/die Zweck(e), f\u00fcr den\/die Sie Ihre Zustimmung gegeben haben, es sei denn, wir sind gesetzlich dazu verpflichtet, etwas anderes zu tun.<\/p><p><strong>Wie wir Ihre Informationen teilen:<\/strong><br \/>Wir werden Ihre pers\u00f6nlichen Informationen ohne Ihre Zustimmung nicht an Dritte weitergeben, au\u00dfer unter begrenzten Umst\u00e4nden, wie unten beschrieben:<\/p><p><strong>Analytik<\/strong><br \/>Wir bitten diese Dritten, die von uns \u00fcbertragenen pers\u00f6nlichen Informationen nur f\u00fcr den Zweck zu verwenden, f\u00fcr den sie \u00fcbertragen wurden, und sie nicht l\u00e4nger zu speichern, als f\u00fcr den oben genannten Zweck erforderlich ist.<br \/>Wir k\u00f6nnen Ihre pers\u00f6nlichen Informationen auch aus folgenden Gr\u00fcnden offenlegen: (1) um geltendes Recht, Vorschriften, Gerichtsbeschl\u00fcsse oder andere rechtliche Verfahren einzuhalten; (2) um Ihre Vereinbarungen mit uns durchzusetzen, einschlie\u00dflich dieser Datenschutzerkl\u00e4rung; oder (3) um auf Anfragen zu reagieren, dass Ihre Nutzung des Dienstes die Rechte Dritter verletzt. Wenn der Service oder unser Unternehmen mit einem anderen Unternehmen fusioniert oder \u00fcbernommen wird, werden Ihre Informationen eines der Verm\u00f6genswerte sein, die an den neuen Eigent\u00fcmer \u00fcbertragen werden.<\/p><p><strong>Speicherung Ihrer Informationen:<\/strong><br \/>Wir werden Ihre pers\u00f6nlichen Informationen f\u00fcr 365 Tage bei uns behalten oder so lange, wie es erforderlich ist, um die Zwecke zu erf\u00fcllen, f\u00fcr die sie gesammelt wurden, wie in dieser Datenschutzerkl\u00e4rung dargelegt. Wir m\u00fcssen m\u00f6glicherweise einige Informationen f\u00fcr l\u00e4ngere Zeitr\u00e4ume aufbewahren, wie z.B. die F\u00fchrung von Aufzeichnungen\/Berichten gem\u00e4\u00df geltendem Recht oder aus anderen legitimen Gr\u00fcnden wie der Durchsetzung rechtlicher Anspr\u00fcche, der Betrugsbek\u00e4mpfung usw. Anonyme Restinformationen und aggregierte Informationen, die Sie nicht (direkt oder indirekt) identifizieren, k\u00f6nnen unbegrenzt aufbewahrt werden.<\/p><p><strong>Ihre Rechte:<\/strong><br \/>A seconda della legge applicabile, potresti avere il diritto di accedere e rettificare o cancellare i tuoi dati personali o ricevere una copia dei tuoi dati personali, limitare o opporsi al trattamento attivo dei tuoi dati, chiederci di condividere (portare) le tue informazioni personali ad un&#8217;altra entit\u00e0, revocare qualsiasi consenso fornito a noi per elaborare i tuoi dati, il diritto di presentare un reclamo a un&#8217;autorit\u00e0 statutaria e tali altri diritti come possono essere pertinenti secondo le leggi applicabili. Per esercitare questi diritti, puoi scrivere a noi all&#8217;indirizzo info@bschairs.it. Risponderemo alla tua richiesta in conformit\u00e0 con la legge applicabile.<br \/>Bitte beachten Sie, dass, wenn Sie uns nicht erlauben, die angeforderten pers\u00f6nlichen Informationen zu sammeln oder zu verarbeiten oder Ihre Einwilligung zur Verarbeitung dieser Informationen f\u00fcr die angeforderten Zwecke widerrufen, Sie m\u00f6glicherweise nicht in der Lage sind, auf die Dienste zuzugreifen oder diese zu nutzen, f\u00fcr die Ihre Informationen angefordert wurden.<\/p><p><strong>Cookies usw.:<\/strong><br \/>Weitere Informationen dazu, wie wir diese Tracking-Technologien verwenden und Ihre Optionen in Bezug darauf finden Sie in unserer Cookie-Richtlinie.<\/p><p><strong>Sicherheit:<\/strong><br \/>Die Sicherheit Ihrer Informationen ist uns wichtig, und wir werden angemessene Sicherheitsma\u00dfnahmen treffen, um den Verlust, den Missbrauch oder die unbefugte \u00c4nderung Ihrer unter unserer Kontrolle stehenden Informationen zu verhindern. Aufgrund der inh\u00e4renten Risiken k\u00f6nnen wir jedoch keine absolute Sicherheit garantieren, und dementsprechend k\u00f6nnen wir die Sicherheit der Informationen, die Sie uns \u00fcbermitteln, nicht gew\u00e4hrleisten oder garantieren, und Sie tun dies auf eigenes Risiko.<\/p><p><strong>Links zu Dritten &amp; Nutzung Ihrer Informationen:<\/strong><br \/>Unser Service kann Links zu anderen Websites enthalten, die nicht von uns betrieben werden. Diese Datenschutzerkl\u00e4rung behandelt nicht die Datenschutzrichtlinien und andere Praktiken von Dritten, einschlie\u00dflich Dritter, die jede Website oder Dienstleistung betreiben, die \u00fcber einen Link auf dem Service zug\u00e4nglich ist. Wir empfehlen Ihnen dringend, die Datenschutzrichtlinie jeder von Ihnen besuchten Website zu \u00fcberpr\u00fcfen. Wir haben keine Kontrolle \u00fcber und \u00fcbernehmen keine Verantwortung f\u00fcr den Inhalt, die Datenschutzrichtlinien oder Praktiken von Websites oder Diensten Dritter.<\/p><p><strong>Beschwerdestelle \/ Datenschutzbeauftragter:<\/strong><br \/>Se hai domande o preoccupazioni sul trattamento delle tue informazioni disponibili con noi, puoi inviare un&#8217;email al nostro Ufficiale di Reclami presso BS Chairs, Via Veneto, 928 \u2013 35040 Casale di Scodosia (PD), email: info@bschairs.it. Affronteremo le tue preoccupazioni in conformit\u00e0 con la legge applicabile.<\/p>\t\t\t\t\t\t\t\t<\/div>\n\t\t\t\t<\/div>\n\t\t\t\t\t<\/div>\n\t\t\t\t<\/div>\n\t\t\t\t<\/div>","protected":false},"excerpt":{"rendered":"<p>Informativa sulla Privacy Ultimo Aggiornamento il 06-Feb-2024Data di Entrata in Vigore 06-Feb-2024 Questa Informativa sulla Privacy descrive le politiche di BS Chairs, Via Veneto, 928 \u2013 Casale di Scodosia, Padova 35040, Italia, email: info@bschairs.it, telefono: +39 0429 878329 sulla raccolta, utilizzo e divulgazione delle tue informazioni che raccogliamo quando utilizzi il nostro sito web ( [&hellip;]<\/p>\n","protected":false},"author":1,"featured_media":46,"parent":0,"menu_order":0,"comment_status":"closed","ping_status":"closed","template":"elementor_header_footer","meta":{"footnotes":""},"class_list":["post-58","page","type-page","status-publish","has-post-thumbnail","hentry"],"_links":{"self":[{"href":"https:\/\/bschairs.it\/de\/wp-json\/wp\/v2\/pages\/58","targetHints":{"allow":["GET"]}}],"collection":[{"href":"https:\/\/bschairs.it\/de\/wp-json\/wp\/v2\/pages"}],"about":[{"href":"https:\/\/bschairs.it\/de\/wp-json\/wp\/v2\/types\/page"}],"author":[{"embeddable":true,"href":"https:\/\/bschairs.it\/de\/wp-json\/wp\/v2\/users\/1"}],"replies":[{"embeddable":true,"href":"https:\/\/bschairs.it\/de\/wp-json\/wp\/v2\/comments?post=58"}],"version-history":[{"count":58,"href":"https:\/\/bschairs.it\/de\/wp-json\/wp\/v2\/pages\/58\/revisions"}],"predecessor-version":[{"id":14942,"href":"https:\/\/bschairs.it\/de\/wp-json\/wp\/v2\/pages\/58\/revisions\/14942"}],"wp:featuredmedia":[{"embeddable":true,"href":"https:\/\/bschairs.it\/de\/wp-json\/wp\/v2\/media\/46"}],"wp:attachment":[{"href":"https:\/\/bschairs.it\/de\/wp-json\/wp\/v2\/media?parent=58"}],"curies":[{"name":"wp","href":"https:\/\/api.w.org\/{rel}","templated":true}]}}