{"id":13176,"date":"2025-02-10T14:20:06","date_gmt":"2025-02-10T14:20:06","guid":{"rendered":"https:\/\/bschairs.it\/?post_type=product&#038;p=13176"},"modified":"2025-02-18T10:03:36","modified_gmt":"2025-02-18T10:03:36","slug":"perbacco","status":"publish","type":"product","link":"https:\/\/bschairs.it\/de\/negozio\/tutti-gli-stili\/stile-contemporaneo\/perbacco\/","title":{"rendered":"Perbacco"},"content":{"rendered":"<p>Elegantes Outdoor-Bett mit Baldachin, gefertigt aus einem Rahmen aus Iroko-Holz, der den Au\u00dfenbereichen einen Hauch von Natur und Raffinesse verleiht. Ideal zum Entspannen unter der Sonne oder den Sternen und zum Schaffen einer gem\u00fctlichen und luxuri\u00f6sen Atmosph\u00e4re im Garten, am Pool oder auf der Terrasse.<\/p>","protected":false},"excerpt":{"rendered":"<p>Elegantes Outdoor-Bett mit Baldachin, gefertigt aus einem Rahmen aus Iroko-Holz, der den Au\u00dfenbereichen einen Hauch von Natur und Raffinesse verleiht. Ideal zum Entspannen unter der Sonne oder den Sternen und zum Schaffen einer gem\u00fctlichen und luxuri\u00f6sen Atmosph\u00e4re im Garten, am Pool oder auf der Terrasse.<\/p>","protected":false},"featured_media":15538,"comment_status":"closed","ping_status":"closed","template":"","meta":[],"product_brand":[],"product_cat":[126,125],"product_tag":[127],"class_list":{"0":"post-13176","1":"product","2":"type-product","3":"status-publish","4":"has-post-thumbnail","6":"product_cat-stile-contemporaneo","7":"product_cat-tutti-gli-stili","8":"product_tag-outdoor","10":"first","11":"instock","12":"shipping-taxable","13":"product-type-simple"},"_links":{"self":[{"href":"https:\/\/bschairs.it\/de\/wp-json\/wp\/v2\/product\/13176","targetHints":{"allow":["GET"]}}],"collection":[{"href":"https:\/\/bschairs.it\/de\/wp-json\/wp\/v2\/product"}],"about":[{"href":"https:\/\/bschairs.it\/de\/wp-json\/wp\/v2\/types\/product"}],"replies":[{"embeddable":true,"href":"https:\/\/bschairs.it\/de\/wp-json\/wp\/v2\/comments?post=13176"}],"wp:featuredmedia":[{"embeddable":true,"href":"https:\/\/bschairs.it\/de\/wp-json\/wp\/v2\/media\/15538"}],"wp:attachment":[{"href":"https:\/\/bschairs.it\/de\/wp-json\/wp\/v2\/media?parent=13176"}],"wp:term":[{"taxonomy":"product_brand","embeddable":true,"href":"https:\/\/bschairs.it\/de\/wp-json\/wp\/v2\/product_brand?post=13176"},{"taxonomy":"product_cat","embeddable":true,"href":"https:\/\/bschairs.it\/de\/wp-json\/wp\/v2\/product_cat?post=13176"},{"taxonomy":"product_tag","embeddable":true,"href":"https:\/\/bschairs.it\/de\/wp-json\/wp\/v2\/product_tag?post=13176"}],"curies":[{"name":"wp","href":"https:\/\/api.w.org\/{rel}","templated":true}]}}