{"id":13177,"date":"2024-02-13T14:20:06","date_gmt":"2024-02-13T14:20:06","guid":{"rendered":"https:\/\/bschairs.it\/?post_type=product&#038;p=13177"},"modified":"2024-05-21T08:51:46","modified_gmt":"2024-05-21T08:51:46","slug":"paris","status":"publish","type":"product","link":"https:\/\/bschairs.it\/de\/negozio\/tutti-gli-stili\/stile-contemporaneo\/paris\/","title":{"rendered":"Paris"},"content":{"rendered":"<p>Eleganter und zeitgem\u00e4\u00df gestalteter Hocker. Leicht gebogener R\u00fcckenlehne, die ausreichende Unterst\u00fctzung bietet. Der Rahmen besteht aus Buchenholz mit einer dunklen Oberfl\u00e4che, die seine Maserung betont und dem gesamten St\u00fcck ein raffiniertes und warmes Aussehen verleiht.<\/p>","protected":false},"excerpt":{"rendered":"<p>Eleganter und zeitgem\u00e4\u00df gestalteter Hocker. Leicht gebogener R\u00fcckenlehne, die ausreichende Unterst\u00fctzung bietet. Der Rahmen besteht aus Buchenholz mit einer dunklen Oberfl\u00e4che, die seine Maserung betont und dem gesamten St\u00fcck ein raffiniertes und warmes Aussehen verleiht.<\/p>","protected":false},"featured_media":13206,"comment_status":"closed","ping_status":"closed","template":"","meta":[],"product_brand":[],"product_cat":[126,125],"product_tag":[131],"class_list":{"0":"post-13177","1":"product","2":"type-product","3":"status-publish","4":"has-post-thumbnail","6":"product_cat-stile-contemporaneo","7":"product_cat-tutti-gli-stili","8":"product_tag-sgabelli","10":"first","11":"instock","12":"shipping-taxable","13":"product-type-simple"},"_links":{"self":[{"href":"https:\/\/bschairs.it\/de\/wp-json\/wp\/v2\/product\/13177","targetHints":{"allow":["GET"]}}],"collection":[{"href":"https:\/\/bschairs.it\/de\/wp-json\/wp\/v2\/product"}],"about":[{"href":"https:\/\/bschairs.it\/de\/wp-json\/wp\/v2\/types\/product"}],"replies":[{"embeddable":true,"href":"https:\/\/bschairs.it\/de\/wp-json\/wp\/v2\/comments?post=13177"}],"wp:featuredmedia":[{"embeddable":true,"href":"https:\/\/bschairs.it\/de\/wp-json\/wp\/v2\/media\/13206"}],"wp:attachment":[{"href":"https:\/\/bschairs.it\/de\/wp-json\/wp\/v2\/media?parent=13177"}],"wp:term":[{"taxonomy":"product_brand","embeddable":true,"href":"https:\/\/bschairs.it\/de\/wp-json\/wp\/v2\/product_brand?post=13177"},{"taxonomy":"product_cat","embeddable":true,"href":"https:\/\/bschairs.it\/de\/wp-json\/wp\/v2\/product_cat?post=13177"},{"taxonomy":"product_tag","embeddable":true,"href":"https:\/\/bschairs.it\/de\/wp-json\/wp\/v2\/product_tag?post=13177"}],"curies":[{"name":"wp","href":"https:\/\/api.w.org\/{rel}","templated":true}]}}