{"id":13178,"date":"2024-02-13T14:20:07","date_gmt":"2024-02-13T14:20:07","guid":{"rendered":"https:\/\/bschairs.it\/?post_type=product&#038;p=13178"},"modified":"2024-06-11T09:00:02","modified_gmt":"2024-06-11T09:00:02","slug":"lorena","status":"publish","type":"product","link":"https:\/\/bschairs.it\/de\/negozio\/tutti-gli-stili\/stile-classico\/lorena\/","title":{"rendered":"Lorena"},"content":{"rendered":"<p>Ein Kopfteil, das den zeitlosen Charme des klassischen Stils verk\u00f6rpert und den Speises\u00e4len der exklusivsten Restaurants oder den geselligen R\u00e4umen der charmantesten Hotels eine Note von Raffinesse verleiht. Die Struktur zeichnet sich durch zertifiziertes europ\u00e4isches Buchenholz aus, das schwarz lackiert ist.<\/p>","protected":false},"excerpt":{"rendered":"<p>Ein Kopfteil, das den zeitlosen Charme des klassischen Stils verk\u00f6rpert und den Speises\u00e4len der exklusivsten Restaurants oder den geselligen R\u00e4umen der charmantesten Hotels eine Note von Raffinesse verleiht. Die Struktur zeichnet sich durch zertifiziertes europ\u00e4isches Buchenholz aus, das schwarz lackiert ist.<\/p>","protected":false},"featured_media":14886,"comment_status":"closed","ping_status":"closed","template":"","meta":[],"product_brand":[],"product_cat":[128,125],"product_tag":[129],"class_list":{"0":"post-13178","1":"product","2":"type-product","3":"status-publish","4":"has-post-thumbnail","6":"product_cat-stile-classico","7":"product_cat-tutti-gli-stili","8":"product_tag-capotavola","10":"first","11":"instock","12":"shipping-taxable","13":"product-type-simple"},"_links":{"self":[{"href":"https:\/\/bschairs.it\/de\/wp-json\/wp\/v2\/product\/13178","targetHints":{"allow":["GET"]}}],"collection":[{"href":"https:\/\/bschairs.it\/de\/wp-json\/wp\/v2\/product"}],"about":[{"href":"https:\/\/bschairs.it\/de\/wp-json\/wp\/v2\/types\/product"}],"replies":[{"embeddable":true,"href":"https:\/\/bschairs.it\/de\/wp-json\/wp\/v2\/comments?post=13178"}],"wp:featuredmedia":[{"embeddable":true,"href":"https:\/\/bschairs.it\/de\/wp-json\/wp\/v2\/media\/14886"}],"wp:attachment":[{"href":"https:\/\/bschairs.it\/de\/wp-json\/wp\/v2\/media?parent=13178"}],"wp:term":[{"taxonomy":"product_brand","embeddable":true,"href":"https:\/\/bschairs.it\/de\/wp-json\/wp\/v2\/product_brand?post=13178"},{"taxonomy":"product_cat","embeddable":true,"href":"https:\/\/bschairs.it\/de\/wp-json\/wp\/v2\/product_cat?post=13178"},{"taxonomy":"product_tag","embeddable":true,"href":"https:\/\/bschairs.it\/de\/wp-json\/wp\/v2\/product_tag?post=13178"}],"curies":[{"name":"wp","href":"https:\/\/api.w.org\/{rel}","templated":true}]}}