{"id":13180,"date":"2024-02-13T14:20:07","date_gmt":"2024-02-13T14:20:07","guid":{"rendered":"https:\/\/bschairs.it\/?post_type=product&#038;p=13180"},"modified":"2024-06-11T12:53:08","modified_gmt":"2024-06-11T12:53:08","slug":"versailles","status":"publish","type":"product","link":"https:\/\/bschairs.it\/de\/negozio\/tutti-gli-stili\/stile-classico\/versailles\/","title":{"rendered":"Versailles"},"content":{"rendered":"<p>Kopfstuhl mit Stoffen, die von erfahrenen Handwerksk\u00fcnstlern gekonnt gen\u00e4ht wurden und Raffinesse und Exklusivit\u00e4t zum Ausdruck bringen. Ein ideales Produkt f\u00fcr Gourmet-Restaurant-Speises\u00e4le oder Hotel-Lounges. Bequemer Sitz und ma\u00dfgefertigte Armlehnen.<\/p>","protected":false},"excerpt":{"rendered":"<p>Kopfstuhl mit Stoffen, die von erfahrenen Handwerksk\u00fcnstlern gekonnt gen\u00e4ht wurden und Raffinesse und Exklusivit\u00e4t zum Ausdruck bringen. Ein ideales Produkt f\u00fcr Gourmet-Restaurant-Speises\u00e4le oder Hotel-Lounges. Bequemer Sitz und ma\u00dfgefertigte Armlehnen.<\/p>","protected":false},"featured_media":14889,"comment_status":"closed","ping_status":"closed","template":"","meta":[],"product_brand":[],"product_cat":[128,125],"product_tag":[129],"class_list":{"0":"post-13180","1":"product","2":"type-product","3":"status-publish","4":"has-post-thumbnail","6":"product_cat-stile-classico","7":"product_cat-tutti-gli-stili","8":"product_tag-capotavola","10":"first","11":"instock","12":"shipping-taxable","13":"product-type-simple"},"_links":{"self":[{"href":"https:\/\/bschairs.it\/de\/wp-json\/wp\/v2\/product\/13180","targetHints":{"allow":["GET"]}}],"collection":[{"href":"https:\/\/bschairs.it\/de\/wp-json\/wp\/v2\/product"}],"about":[{"href":"https:\/\/bschairs.it\/de\/wp-json\/wp\/v2\/types\/product"}],"replies":[{"embeddable":true,"href":"https:\/\/bschairs.it\/de\/wp-json\/wp\/v2\/comments?post=13180"}],"wp:featuredmedia":[{"embeddable":true,"href":"https:\/\/bschairs.it\/de\/wp-json\/wp\/v2\/media\/14889"}],"wp:attachment":[{"href":"https:\/\/bschairs.it\/de\/wp-json\/wp\/v2\/media?parent=13180"}],"wp:term":[{"taxonomy":"product_brand","embeddable":true,"href":"https:\/\/bschairs.it\/de\/wp-json\/wp\/v2\/product_brand?post=13180"},{"taxonomy":"product_cat","embeddable":true,"href":"https:\/\/bschairs.it\/de\/wp-json\/wp\/v2\/product_cat?post=13180"},{"taxonomy":"product_tag","embeddable":true,"href":"https:\/\/bschairs.it\/de\/wp-json\/wp\/v2\/product_tag?post=13180"}],"curies":[{"name":"wp","href":"https:\/\/api.w.org\/{rel}","templated":true}]}}