{"id":13181,"date":"2024-02-13T14:20:07","date_gmt":"2024-02-13T14:20:07","guid":{"rendered":"https:\/\/bschairs.it\/?post_type=product&#038;p=13181"},"modified":"2024-06-11T12:53:23","modified_gmt":"2024-06-11T12:53:23","slug":"mansart","status":"publish","type":"product","link":"https:\/\/bschairs.it\/de\/negozio\/tutti-gli-stili\/stile-classico\/mansart\/","title":{"rendered":"Mansart"},"content":{"rendered":"<p>Massivholz-Hocker aus europ\u00e4ischer Buche mit gepolsterter Sitzfl\u00e4che und R\u00fcckenlehne, entworfen mit einer bequemen integrierten Fu\u00dfst\u00fctze, was ihn zum idealen Begleiter f\u00fcr die Einrichtung von Hotelbartheken und Restaurant-Speises\u00e4len macht.<\/p>","protected":false},"excerpt":{"rendered":"<p>Massivholz-Hocker aus europ\u00e4ischer Buche mit gepolsterter Sitzfl\u00e4che und R\u00fcckenlehne, entworfen mit einer bequemen integrierten Fu\u00dfst\u00fctze, was ihn zum idealen Begleiter f\u00fcr die Einrichtung von Hotelbartheken und Restaurant-Speises\u00e4len macht.<\/p>","protected":false},"featured_media":14888,"comment_status":"closed","ping_status":"closed","template":"","meta":[],"product_brand":[],"product_cat":[128,125],"product_tag":[131],"class_list":{"0":"post-13181","1":"product","2":"type-product","3":"status-publish","4":"has-post-thumbnail","6":"product_cat-stile-classico","7":"product_cat-tutti-gli-stili","8":"product_tag-sgabelli","10":"first","11":"instock","12":"shipping-taxable","13":"product-type-simple"},"_links":{"self":[{"href":"https:\/\/bschairs.it\/de\/wp-json\/wp\/v2\/product\/13181","targetHints":{"allow":["GET"]}}],"collection":[{"href":"https:\/\/bschairs.it\/de\/wp-json\/wp\/v2\/product"}],"about":[{"href":"https:\/\/bschairs.it\/de\/wp-json\/wp\/v2\/types\/product"}],"replies":[{"embeddable":true,"href":"https:\/\/bschairs.it\/de\/wp-json\/wp\/v2\/comments?post=13181"}],"wp:featuredmedia":[{"embeddable":true,"href":"https:\/\/bschairs.it\/de\/wp-json\/wp\/v2\/media\/14888"}],"wp:attachment":[{"href":"https:\/\/bschairs.it\/de\/wp-json\/wp\/v2\/media?parent=13181"}],"wp:term":[{"taxonomy":"product_brand","embeddable":true,"href":"https:\/\/bschairs.it\/de\/wp-json\/wp\/v2\/product_brand?post=13181"},{"taxonomy":"product_cat","embeddable":true,"href":"https:\/\/bschairs.it\/de\/wp-json\/wp\/v2\/product_cat?post=13181"},{"taxonomy":"product_tag","embeddable":true,"href":"https:\/\/bschairs.it\/de\/wp-json\/wp\/v2\/product_tag?post=13181"}],"curies":[{"name":"wp","href":"https:\/\/api.w.org\/{rel}","templated":true}]}}