{"id":13182,"date":"2024-02-13T14:20:07","date_gmt":"2024-02-13T14:20:07","guid":{"rendered":"https:\/\/bschairs.it\/?post_type=product&#038;p=13182"},"modified":"2024-06-11T12:53:43","modified_gmt":"2024-06-11T12:53:43","slug":"versailles-2","status":"publish","type":"product","link":"https:\/\/bschairs.it\/de\/negozio\/tutti-gli-stili\/stile-classico\/versailles-2\/","title":{"rendered":"Versailles"},"content":{"rendered":"<p>Ein eleganter Esszimmerstuhl f\u00fcr Restaurant-Speises\u00e4le, mit fein gearbeiteten handwerklichen Stoffen und einem klassischen Stil, der eine Aura der Majest\u00e4t ausstrahlt. Die perfekte Erg\u00e4nzung f\u00fcr Hotels oder Restaurants im Landhausstil und eleganten Design.<\/p>","protected":false},"excerpt":{"rendered":"<p>Ein eleganter Esszimmerstuhl f\u00fcr Restaurant-Speises\u00e4le, mit fein gearbeiteten handwerklichen Stoffen und einem klassischen Stil, der eine Aura der Majest\u00e4t ausstrahlt. Die perfekte Erg\u00e4nzung f\u00fcr Hotels oder Restaurants im Landhausstil und eleganten Design.<\/p>","protected":false},"featured_media":14893,"comment_status":"closed","ping_status":"closed","template":"","meta":[],"product_brand":[],"product_cat":[128,125],"product_tag":[130],"class_list":{"0":"post-13182","1":"product","2":"type-product","3":"status-publish","4":"has-post-thumbnail","6":"product_cat-stile-classico","7":"product_cat-tutti-gli-stili","8":"product_tag-sedie","10":"first","11":"instock","12":"shipping-taxable","13":"product-type-simple"},"_links":{"self":[{"href":"https:\/\/bschairs.it\/de\/wp-json\/wp\/v2\/product\/13182","targetHints":{"allow":["GET"]}}],"collection":[{"href":"https:\/\/bschairs.it\/de\/wp-json\/wp\/v2\/product"}],"about":[{"href":"https:\/\/bschairs.it\/de\/wp-json\/wp\/v2\/types\/product"}],"replies":[{"embeddable":true,"href":"https:\/\/bschairs.it\/de\/wp-json\/wp\/v2\/comments?post=13182"}],"wp:featuredmedia":[{"embeddable":true,"href":"https:\/\/bschairs.it\/de\/wp-json\/wp\/v2\/media\/14893"}],"wp:attachment":[{"href":"https:\/\/bschairs.it\/de\/wp-json\/wp\/v2\/media?parent=13182"}],"wp:term":[{"taxonomy":"product_brand","embeddable":true,"href":"https:\/\/bschairs.it\/de\/wp-json\/wp\/v2\/product_brand?post=13182"},{"taxonomy":"product_cat","embeddable":true,"href":"https:\/\/bschairs.it\/de\/wp-json\/wp\/v2\/product_cat?post=13182"},{"taxonomy":"product_tag","embeddable":true,"href":"https:\/\/bschairs.it\/de\/wp-json\/wp\/v2\/product_tag?post=13182"}],"curies":[{"name":"wp","href":"https:\/\/api.w.org\/{rel}","templated":true}]}}