{"id":13183,"date":"2024-02-13T14:20:07","date_gmt":"2024-02-13T14:20:07","guid":{"rendered":"https:\/\/bschairs.it\/?post_type=product&#038;p=13183"},"modified":"2024-06-11T14:29:47","modified_gmt":"2024-06-11T14:29:47","slug":"raffaello","status":"publish","type":"product","link":"https:\/\/bschairs.it\/de\/negozio\/tutti-gli-stili\/stile-classico\/raffaello\/","title":{"rendered":"Raffaello"},"content":{"rendered":"<p>Ein ikonischer B\u00fcrostuhl mit klassischem Design, ausgestattet mit modernen Funktionen wie der H\u00f6henverstellung des Sitzes und der leichten Beweglichkeit durch die Rollen. Eine elegante und praktische Erg\u00e4nzung f\u00fcr Ihren Arbeitsbereich.<\/p>","protected":false},"excerpt":{"rendered":"<p>Ein ikonischer B\u00fcrostuhl mit klassischem Design, ausgestattet mit modernen Funktionen wie der H\u00f6henverstellung des Sitzes und der leichten Beweglichkeit durch die Rollen. Eine elegante und praktische Erg\u00e4nzung f\u00fcr Ihren Arbeitsbereich.<\/p>","protected":false},"featured_media":14897,"comment_status":"closed","ping_status":"closed","template":"","meta":[],"product_brand":[],"product_cat":[128,125],"product_tag":[132],"class_list":{"0":"post-13183","1":"product","2":"type-product","3":"status-publish","4":"has-post-thumbnail","6":"product_cat-stile-classico","7":"product_cat-tutti-gli-stili","8":"product_tag-poltrone-da-ufficio","10":"first","11":"instock","12":"shipping-taxable","13":"product-type-simple"},"_links":{"self":[{"href":"https:\/\/bschairs.it\/de\/wp-json\/wp\/v2\/product\/13183","targetHints":{"allow":["GET"]}}],"collection":[{"href":"https:\/\/bschairs.it\/de\/wp-json\/wp\/v2\/product"}],"about":[{"href":"https:\/\/bschairs.it\/de\/wp-json\/wp\/v2\/types\/product"}],"replies":[{"embeddable":true,"href":"https:\/\/bschairs.it\/de\/wp-json\/wp\/v2\/comments?post=13183"}],"wp:featuredmedia":[{"embeddable":true,"href":"https:\/\/bschairs.it\/de\/wp-json\/wp\/v2\/media\/14897"}],"wp:attachment":[{"href":"https:\/\/bschairs.it\/de\/wp-json\/wp\/v2\/media?parent=13183"}],"wp:term":[{"taxonomy":"product_brand","embeddable":true,"href":"https:\/\/bschairs.it\/de\/wp-json\/wp\/v2\/product_brand?post=13183"},{"taxonomy":"product_cat","embeddable":true,"href":"https:\/\/bschairs.it\/de\/wp-json\/wp\/v2\/product_cat?post=13183"},{"taxonomy":"product_tag","embeddable":true,"href":"https:\/\/bschairs.it\/de\/wp-json\/wp\/v2\/product_tag?post=13183"}],"curies":[{"name":"wp","href":"https:\/\/api.w.org\/{rel}","templated":true}]}}