{"id":13191,"date":"2024-02-13T14:20:27","date_gmt":"2024-02-13T14:20:27","guid":{"rendered":"https:\/\/bschairs.it\/?post_type=product&#038;p=13191"},"modified":"2024-06-11T08:52:59","modified_gmt":"2024-06-11T08:52:59","slug":"leonardo","status":"publish","type":"product","link":"https:\/\/bschairs.it\/de\/negozio\/tutti-gli-stili\/stile-classico\/leonardo\/","title":{"rendered":"Leonardo"},"content":{"rendered":"<p>Ein Stuhl mit zeitlosem Design, der einen klassischen Stil aufweist, der die Eleganz vergangener Epochen hervorruft. Perfekt, um den Speises\u00e4len luxuri\u00f6ser Restaurants oder den gem\u00fctlichen Umgebungen historischer Hotels Raffinesse zu verleihen. Struktur aus zertifizierter europ\u00e4ischer Buche gefertigt.<\/p>","protected":false},"excerpt":{"rendered":"<p>Ein Stuhl mit zeitlosem Design, der einen klassischen Stil aufweist, der die Eleganz vergangener Epochen hervorruft. Perfekt, um den Speises\u00e4len luxuri\u00f6ser Restaurants oder den gem\u00fctlichen Umgebungen historischer Hotels Raffinesse zu verleihen. Struktur aus zertifizierter europ\u00e4ischer Buche gefertigt.<\/p>","protected":false},"featured_media":14885,"comment_status":"closed","ping_status":"closed","template":"","meta":[],"product_brand":[],"product_cat":[128,125],"product_tag":[130],"class_list":{"0":"post-13191","1":"product","2":"type-product","3":"status-publish","4":"has-post-thumbnail","6":"product_cat-stile-classico","7":"product_cat-tutti-gli-stili","8":"product_tag-sedie","10":"first","11":"instock","12":"shipping-taxable","13":"product-type-simple"},"_links":{"self":[{"href":"https:\/\/bschairs.it\/de\/wp-json\/wp\/v2\/product\/13191","targetHints":{"allow":["GET"]}}],"collection":[{"href":"https:\/\/bschairs.it\/de\/wp-json\/wp\/v2\/product"}],"about":[{"href":"https:\/\/bschairs.it\/de\/wp-json\/wp\/v2\/types\/product"}],"replies":[{"embeddable":true,"href":"https:\/\/bschairs.it\/de\/wp-json\/wp\/v2\/comments?post=13191"}],"wp:featuredmedia":[{"embeddable":true,"href":"https:\/\/bschairs.it\/de\/wp-json\/wp\/v2\/media\/14885"}],"wp:attachment":[{"href":"https:\/\/bschairs.it\/de\/wp-json\/wp\/v2\/media?parent=13191"}],"wp:term":[{"taxonomy":"product_brand","embeddable":true,"href":"https:\/\/bschairs.it\/de\/wp-json\/wp\/v2\/product_brand?post=13191"},{"taxonomy":"product_cat","embeddable":true,"href":"https:\/\/bschairs.it\/de\/wp-json\/wp\/v2\/product_cat?post=13191"},{"taxonomy":"product_tag","embeddable":true,"href":"https:\/\/bschairs.it\/de\/wp-json\/wp\/v2\/product_tag?post=13191"}],"curies":[{"name":"wp","href":"https:\/\/api.w.org\/{rel}","templated":true}]}}