{"id":13193,"date":"2024-02-13T14:20:28","date_gmt":"2024-02-13T14:20:28","guid":{"rendered":"https:\/\/bschairs.it\/?post_type=product&#038;p=13193"},"modified":"2024-06-11T08:43:01","modified_gmt":"2024-06-11T08:43:01","slug":"duca-2","status":"publish","type":"product","link":"https:\/\/bschairs.it\/de\/negozio\/tutti-gli-stili\/stile-classico\/duca-2\/","title":{"rendered":"Duca"},"content":{"rendered":"<p>Luxuri\u00f6ser Esszimmerstuhl, der die Eleganz des klassischen Stils verk\u00f6rpert, mit einem robusten Rahmen aus europ\u00e4ischer Buche, der Langlebigkeit und Raffinesse bietet. Perfekt, um Esszimmer in Luxusrestaurants oder renommierten Hotels zu versch\u00f6nern.<\/p>","protected":false},"excerpt":{"rendered":"<p>Luxuri\u00f6ser Esszimmerstuhl, der die Eleganz des klassischen Stils verk\u00f6rpert, mit einem robusten Rahmen aus europ\u00e4ischer Buche, der Langlebigkeit und Raffinesse bietet. Perfekt, um Esszimmer in Luxusrestaurants oder renommierten Hotels zu versch\u00f6nern.<\/p>","protected":false},"featured_media":14882,"comment_status":"closed","ping_status":"closed","template":"","meta":[],"product_brand":[],"product_cat":[128,125],"product_tag":[130],"class_list":{"0":"post-13193","1":"product","2":"type-product","3":"status-publish","4":"has-post-thumbnail","6":"product_cat-stile-classico","7":"product_cat-tutti-gli-stili","8":"product_tag-sedie","10":"first","11":"instock","12":"shipping-taxable","13":"product-type-simple"},"_links":{"self":[{"href":"https:\/\/bschairs.it\/de\/wp-json\/wp\/v2\/product\/13193","targetHints":{"allow":["GET"]}}],"collection":[{"href":"https:\/\/bschairs.it\/de\/wp-json\/wp\/v2\/product"}],"about":[{"href":"https:\/\/bschairs.it\/de\/wp-json\/wp\/v2\/types\/product"}],"replies":[{"embeddable":true,"href":"https:\/\/bschairs.it\/de\/wp-json\/wp\/v2\/comments?post=13193"}],"wp:featuredmedia":[{"embeddable":true,"href":"https:\/\/bschairs.it\/de\/wp-json\/wp\/v2\/media\/14882"}],"wp:attachment":[{"href":"https:\/\/bschairs.it\/de\/wp-json\/wp\/v2\/media?parent=13193"}],"wp:term":[{"taxonomy":"product_brand","embeddable":true,"href":"https:\/\/bschairs.it\/de\/wp-json\/wp\/v2\/product_brand?post=13193"},{"taxonomy":"product_cat","embeddable":true,"href":"https:\/\/bschairs.it\/de\/wp-json\/wp\/v2\/product_cat?post=13193"},{"taxonomy":"product_tag","embeddable":true,"href":"https:\/\/bschairs.it\/de\/wp-json\/wp\/v2\/product_tag?post=13193"}],"curies":[{"name":"wp","href":"https:\/\/api.w.org\/{rel}","templated":true}]}}