{"id":13194,"date":"2024-02-13T14:20:28","date_gmt":"2024-02-13T14:20:28","guid":{"rendered":"https:\/\/bschairs.it\/?post_type=product&#038;p=13194"},"modified":"2024-06-11T08:48:55","modified_gmt":"2024-06-11T08:48:55","slug":"indianapolis","status":"publish","type":"product","link":"https:\/\/bschairs.it\/de\/negozio\/tutti-gli-stili\/stile-contemporaneo\/indianapolis\/","title":{"rendered":"Indianapolis"},"content":{"rendered":"<p>Dieses majest\u00e4tische Kopfteil verk\u00f6rpert die zeitlose Eleganz des klassischen Stils mit einer Struktur aus hellem Buchenholz, die Solidit\u00e4t und Prestige verleiht. Die perfekte Erg\u00e4nzung f\u00fcr gehobene Restaurant-Speises\u00e4le und exklusive Hotels.<\/p>","protected":false},"excerpt":{"rendered":"<p>Dieses majest\u00e4tische Kopfteil verk\u00f6rpert die zeitlose Eleganz des klassischen Stils mit einer Struktur aus hellem Buchenholz, die Solidit\u00e4t und Prestige verleiht. Die perfekte Erg\u00e4nzung f\u00fcr gehobene Restaurant-Speises\u00e4le und exklusive Hotels.<\/p>","protected":false},"featured_media":14884,"comment_status":"closed","ping_status":"closed","template":"","meta":[],"product_brand":[],"product_cat":[126,125],"product_tag":[129],"class_list":{"0":"post-13194","1":"product","2":"type-product","3":"status-publish","4":"has-post-thumbnail","6":"product_cat-stile-contemporaneo","7":"product_cat-tutti-gli-stili","8":"product_tag-capotavola","10":"first","11":"instock","12":"shipping-taxable","13":"product-type-simple"},"_links":{"self":[{"href":"https:\/\/bschairs.it\/de\/wp-json\/wp\/v2\/product\/13194","targetHints":{"allow":["GET"]}}],"collection":[{"href":"https:\/\/bschairs.it\/de\/wp-json\/wp\/v2\/product"}],"about":[{"href":"https:\/\/bschairs.it\/de\/wp-json\/wp\/v2\/types\/product"}],"replies":[{"embeddable":true,"href":"https:\/\/bschairs.it\/de\/wp-json\/wp\/v2\/comments?post=13194"}],"wp:featuredmedia":[{"embeddable":true,"href":"https:\/\/bschairs.it\/de\/wp-json\/wp\/v2\/media\/14884"}],"wp:attachment":[{"href":"https:\/\/bschairs.it\/de\/wp-json\/wp\/v2\/media?parent=13194"}],"wp:term":[{"taxonomy":"product_brand","embeddable":true,"href":"https:\/\/bschairs.it\/de\/wp-json\/wp\/v2\/product_brand?post=13194"},{"taxonomy":"product_cat","embeddable":true,"href":"https:\/\/bschairs.it\/de\/wp-json\/wp\/v2\/product_cat?post=13194"},{"taxonomy":"product_tag","embeddable":true,"href":"https:\/\/bschairs.it\/de\/wp-json\/wp\/v2\/product_tag?post=13194"}],"curies":[{"name":"wp","href":"https:\/\/api.w.org\/{rel}","templated":true}]}}