{"id":13195,"date":"2024-02-13T14:20:28","date_gmt":"2024-02-13T14:20:28","guid":{"rendered":"https:\/\/bschairs.it\/?post_type=product&#038;p=13195"},"modified":"2024-05-21T08:35:53","modified_gmt":"2024-05-21T08:35:53","slug":"indianapolis-2","status":"publish","type":"product","link":"https:\/\/bschairs.it\/de\/negozio\/tutti-gli-stili\/stile-contemporaneo\/indianapolis-2\/","title":{"rendered":"Indianapolis"},"content":{"rendered":"<p>Ein ikonischer Stuhl f\u00fcr das Esszimmer, gekennzeichnet durch raffinierten klassischen Stil und eine makellose Buchenholzstruktur, die Qualit\u00e4t und Langlebigkeit im Laufe der Zeit garantiert. Die ideale Erg\u00e4nzung, um die Atmosph\u00e4re der Speises\u00e4le in renommierten Restaurants und Hotels zu bereichern.<\/p>","protected":false},"excerpt":{"rendered":"<p>Ein ikonischer Stuhl f\u00fcr das Esszimmer, gekennzeichnet durch raffinierten klassischen Stil und eine makellose Buchenholzstruktur, die Qualit\u00e4t und Langlebigkeit im Laufe der Zeit garantiert. Die ideale Erg\u00e4nzung, um die Atmosph\u00e4re der Speises\u00e4le in renommierten Restaurants und Hotels zu bereichern.<\/p>","protected":false},"featured_media":13254,"comment_status":"closed","ping_status":"closed","template":"","meta":[],"product_brand":[],"product_cat":[126,125],"product_tag":[130],"class_list":{"0":"post-13195","1":"product","2":"type-product","3":"status-publish","4":"has-post-thumbnail","6":"product_cat-stile-contemporaneo","7":"product_cat-tutti-gli-stili","8":"product_tag-sedie","10":"first","11":"instock","12":"shipping-taxable","13":"product-type-simple"},"_links":{"self":[{"href":"https:\/\/bschairs.it\/de\/wp-json\/wp\/v2\/product\/13195","targetHints":{"allow":["GET"]}}],"collection":[{"href":"https:\/\/bschairs.it\/de\/wp-json\/wp\/v2\/product"}],"about":[{"href":"https:\/\/bschairs.it\/de\/wp-json\/wp\/v2\/types\/product"}],"replies":[{"embeddable":true,"href":"https:\/\/bschairs.it\/de\/wp-json\/wp\/v2\/comments?post=13195"}],"wp:featuredmedia":[{"embeddable":true,"href":"https:\/\/bschairs.it\/de\/wp-json\/wp\/v2\/media\/13254"}],"wp:attachment":[{"href":"https:\/\/bschairs.it\/de\/wp-json\/wp\/v2\/media?parent=13195"}],"wp:term":[{"taxonomy":"product_brand","embeddable":true,"href":"https:\/\/bschairs.it\/de\/wp-json\/wp\/v2\/product_brand?post=13195"},{"taxonomy":"product_cat","embeddable":true,"href":"https:\/\/bschairs.it\/de\/wp-json\/wp\/v2\/product_cat?post=13195"},{"taxonomy":"product_tag","embeddable":true,"href":"https:\/\/bschairs.it\/de\/wp-json\/wp\/v2\/product_tag?post=13195"}],"curies":[{"name":"wp","href":"https:\/\/api.w.org\/{rel}","templated":true}]}}