{"id":13196,"date":"2024-02-13T14:20:28","date_gmt":"2024-02-13T14:20:28","guid":{"rendered":"https:\/\/bschairs.it\/?post_type=product&#038;p=13196"},"modified":"2024-05-21T08:36:41","modified_gmt":"2024-05-21T08:36:41","slug":"tampa","status":"publish","type":"product","link":"https:\/\/bschairs.it\/de\/negozio\/tutti-gli-stili\/stile-classico\/tampa\/","title":{"rendered":"Tampa"},"content":{"rendered":"<p>Eleganter Stuhl, der mit seinem klassischen Stil den Glanz der Antike heraufbeschw\u00f6rt, w\u00e4hrend seine Buchenholzstruktur Solidit\u00e4t und Charme bietet. Eine unverzichtbare Erg\u00e4nzung f\u00fcr die Speises\u00e4le renommierter Restaurants und Hotels im barocken Stil.<\/p>","protected":false},"excerpt":{"rendered":"<p>Eleganter Stuhl, der mit seinem klassischen Stil den Glanz der Antike heraufbeschw\u00f6rt, w\u00e4hrend seine Buchenholzstruktur Solidit\u00e4t und Charme bietet. Eine unverzichtbare Erg\u00e4nzung f\u00fcr die Speises\u00e4le renommierter Restaurants und Hotels im barocken Stil.<\/p>","protected":false},"featured_media":13258,"comment_status":"closed","ping_status":"closed","template":"","meta":[],"product_brand":[],"product_cat":[128,125],"product_tag":[133],"class_list":{"0":"post-13196","1":"product","2":"type-product","3":"status-publish","4":"has-post-thumbnail","6":"product_cat-stile-classico","7":"product_cat-tutti-gli-stili","8":"product_tag-poltroncine","10":"first","11":"instock","12":"shipping-taxable","13":"product-type-simple"},"_links":{"self":[{"href":"https:\/\/bschairs.it\/de\/wp-json\/wp\/v2\/product\/13196","targetHints":{"allow":["GET"]}}],"collection":[{"href":"https:\/\/bschairs.it\/de\/wp-json\/wp\/v2\/product"}],"about":[{"href":"https:\/\/bschairs.it\/de\/wp-json\/wp\/v2\/types\/product"}],"replies":[{"embeddable":true,"href":"https:\/\/bschairs.it\/de\/wp-json\/wp\/v2\/comments?post=13196"}],"wp:featuredmedia":[{"embeddable":true,"href":"https:\/\/bschairs.it\/de\/wp-json\/wp\/v2\/media\/13258"}],"wp:attachment":[{"href":"https:\/\/bschairs.it\/de\/wp-json\/wp\/v2\/media?parent=13196"}],"wp:term":[{"taxonomy":"product_brand","embeddable":true,"href":"https:\/\/bschairs.it\/de\/wp-json\/wp\/v2\/product_brand?post=13196"},{"taxonomy":"product_cat","embeddable":true,"href":"https:\/\/bschairs.it\/de\/wp-json\/wp\/v2\/product_cat?post=13196"},{"taxonomy":"product_tag","embeddable":true,"href":"https:\/\/bschairs.it\/de\/wp-json\/wp\/v2\/product_tag?post=13196"}],"curies":[{"name":"wp","href":"https:\/\/api.w.org\/{rel}","templated":true}]}}