{"id":13197,"date":"2024-02-13T14:20:28","date_gmt":"2024-02-13T14:20:28","guid":{"rendered":"https:\/\/bschairs.it\/?post_type=product&#038;p=13197"},"modified":"2024-05-21T08:37:38","modified_gmt":"2024-05-21T08:37:38","slug":"seattle","status":"publish","type":"product","link":"https:\/\/bschairs.it\/de\/negozio\/tutti-gli-stili\/stile-contemporaneo\/seattle\/","title":{"rendered":"Seattle"},"content":{"rendered":"<p>Armlehnstuhl mit zeitloser Eleganz, gekennzeichnet durch einen raffinierten klassischen Stil und eine wertvolle Struktur aus europ\u00e4ischer Buche, die ihre Qualit\u00e4t und Sch\u00f6nheit betont. Ein ideales M\u00f6belst\u00fcck, um die Speises\u00e4le von Gourmetrestaurants und die eleganten Umgebungen von Hotels zu versch\u00f6nern.<\/p>","protected":false},"excerpt":{"rendered":"<p>Armlehnstuhl mit zeitloser Eleganz, gekennzeichnet durch einen raffinierten klassischen Stil und eine wertvolle Struktur aus europ\u00e4ischer Buche, die ihre Qualit\u00e4t und Sch\u00f6nheit betont. Ein ideales M\u00f6belst\u00fcck, um die Speises\u00e4le von Gourmetrestaurants und die eleganten Umgebungen von Hotels zu versch\u00f6nern.<\/p>","protected":false},"featured_media":13262,"comment_status":"closed","ping_status":"closed","template":"","meta":[],"product_brand":[],"product_cat":[126,125],"product_tag":[133],"class_list":{"0":"post-13197","1":"product","2":"type-product","3":"status-publish","4":"has-post-thumbnail","6":"product_cat-stile-contemporaneo","7":"product_cat-tutti-gli-stili","8":"product_tag-poltroncine","10":"first","11":"instock","12":"shipping-taxable","13":"product-type-simple"},"_links":{"self":[{"href":"https:\/\/bschairs.it\/de\/wp-json\/wp\/v2\/product\/13197","targetHints":{"allow":["GET"]}}],"collection":[{"href":"https:\/\/bschairs.it\/de\/wp-json\/wp\/v2\/product"}],"about":[{"href":"https:\/\/bschairs.it\/de\/wp-json\/wp\/v2\/types\/product"}],"replies":[{"embeddable":true,"href":"https:\/\/bschairs.it\/de\/wp-json\/wp\/v2\/comments?post=13197"}],"wp:featuredmedia":[{"embeddable":true,"href":"https:\/\/bschairs.it\/de\/wp-json\/wp\/v2\/media\/13262"}],"wp:attachment":[{"href":"https:\/\/bschairs.it\/de\/wp-json\/wp\/v2\/media?parent=13197"}],"wp:term":[{"taxonomy":"product_brand","embeddable":true,"href":"https:\/\/bschairs.it\/de\/wp-json\/wp\/v2\/product_brand?post=13197"},{"taxonomy":"product_cat","embeddable":true,"href":"https:\/\/bschairs.it\/de\/wp-json\/wp\/v2\/product_cat?post=13197"},{"taxonomy":"product_tag","embeddable":true,"href":"https:\/\/bschairs.it\/de\/wp-json\/wp\/v2\/product_tag?post=13197"}],"curies":[{"name":"wp","href":"https:\/\/api.w.org\/{rel}","templated":true}]}}