{"id":13198,"date":"2024-02-13T14:20:28","date_gmt":"2024-02-13T14:20:28","guid":{"rendered":"https:\/\/bschairs.it\/?post_type=product&#038;p=13198"},"modified":"2024-05-21T08:38:23","modified_gmt":"2024-05-21T08:38:23","slug":"seattle-2","status":"publish","type":"product","link":"https:\/\/bschairs.it\/de\/negozio\/tutti-gli-stili\/stile-contemporaneo\/seattle-2\/","title":{"rendered":"Seattle"},"content":{"rendered":"<p>Designstuhl, der die K\u00f6niglichkeit des zeitgen\u00f6ssischen Stils mit einigen klassischen Merkmalen verk\u00f6rpert, mit einer Struktur aus europ\u00e4ischer Buche, die Solidit\u00e4t und Raffinesse garantiert. Die perfekte Erg\u00e4nzung f\u00fcr die Speiser\u00e4ume von Michelin-Sterne-Restaurants und die prachtvollen Umgebungen von Hotels und Resorts.<\/p>","protected":false},"excerpt":{"rendered":"<p>Designstuhl, der die K\u00f6niglichkeit des zeitgen\u00f6ssischen Stils mit einigen klassischen Merkmalen verk\u00f6rpert, mit einer Struktur aus europ\u00e4ischer Buche, die Solidit\u00e4t und Raffinesse garantiert. Die perfekte Erg\u00e4nzung f\u00fcr die Speiser\u00e4ume von Michelin-Sterne-Restaurants und die prachtvollen Umgebungen von Hotels und Resorts.<\/p>","protected":false},"featured_media":13266,"comment_status":"closed","ping_status":"closed","template":"","meta":[],"product_brand":[],"product_cat":[126,125],"product_tag":[130],"class_list":{"0":"post-13198","1":"product","2":"type-product","3":"status-publish","4":"has-post-thumbnail","6":"product_cat-stile-contemporaneo","7":"product_cat-tutti-gli-stili","8":"product_tag-sedie","10":"first","11":"instock","12":"shipping-taxable","13":"product-type-simple"},"_links":{"self":[{"href":"https:\/\/bschairs.it\/de\/wp-json\/wp\/v2\/product\/13198","targetHints":{"allow":["GET"]}}],"collection":[{"href":"https:\/\/bschairs.it\/de\/wp-json\/wp\/v2\/product"}],"about":[{"href":"https:\/\/bschairs.it\/de\/wp-json\/wp\/v2\/types\/product"}],"replies":[{"embeddable":true,"href":"https:\/\/bschairs.it\/de\/wp-json\/wp\/v2\/comments?post=13198"}],"wp:featuredmedia":[{"embeddable":true,"href":"https:\/\/bschairs.it\/de\/wp-json\/wp\/v2\/media\/13266"}],"wp:attachment":[{"href":"https:\/\/bschairs.it\/de\/wp-json\/wp\/v2\/media?parent=13198"}],"wp:term":[{"taxonomy":"product_brand","embeddable":true,"href":"https:\/\/bschairs.it\/de\/wp-json\/wp\/v2\/product_brand?post=13198"},{"taxonomy":"product_cat","embeddable":true,"href":"https:\/\/bschairs.it\/de\/wp-json\/wp\/v2\/product_cat?post=13198"},{"taxonomy":"product_tag","embeddable":true,"href":"https:\/\/bschairs.it\/de\/wp-json\/wp\/v2\/product_tag?post=13198"}],"curies":[{"name":"wp","href":"https:\/\/api.w.org\/{rel}","templated":true}]}}