{"id":13199,"date":"2024-02-13T14:20:28","date_gmt":"2024-02-13T14:20:28","guid":{"rendered":"https:\/\/bschairs.it\/?post_type=product&#038;p=13199"},"modified":"2024-05-21T08:39:08","modified_gmt":"2024-05-21T08:39:08","slug":"atlanta","status":"publish","type":"product","link":"https:\/\/bschairs.it\/de\/negozio\/tutti-gli-stili\/stile-contemporaneo\/atlanta\/","title":{"rendered":"Atlanta"},"content":{"rendered":"<p>Ein Kopfteil im zeitgen\u00f6ssischen Stil, mit einer Struktur aus europ\u00e4ischer Buche, die Solidit\u00e4t und Modernit\u00e4t vereint. Perfekt, um trendigen Restaurant-Speises\u00e4len, schicken Entspannungsbereichen oder zeitgen\u00f6ssischen Wohnr\u00e4umen eine stilvolle Note zu verleihen.<\/p>","protected":false},"excerpt":{"rendered":"<p>Ein Kopfteil im zeitgen\u00f6ssischen Stil, mit einer Struktur aus europ\u00e4ischer Buche, die Solidit\u00e4t und Modernit\u00e4t vereint. Perfekt, um trendigen Restaurant-Speises\u00e4len, schicken Entspannungsbereichen oder zeitgen\u00f6ssischen Wohnr\u00e4umen eine stilvolle Note zu verleihen.<\/p>","protected":false},"featured_media":13270,"comment_status":"closed","ping_status":"closed","template":"","meta":[],"product_brand":[],"product_cat":[126,125],"product_tag":[129],"class_list":{"0":"post-13199","1":"product","2":"type-product","3":"status-publish","4":"has-post-thumbnail","6":"product_cat-stile-contemporaneo","7":"product_cat-tutti-gli-stili","8":"product_tag-capotavola","10":"first","11":"instock","12":"shipping-taxable","13":"product-type-simple"},"_links":{"self":[{"href":"https:\/\/bschairs.it\/de\/wp-json\/wp\/v2\/product\/13199","targetHints":{"allow":["GET"]}}],"collection":[{"href":"https:\/\/bschairs.it\/de\/wp-json\/wp\/v2\/product"}],"about":[{"href":"https:\/\/bschairs.it\/de\/wp-json\/wp\/v2\/types\/product"}],"replies":[{"embeddable":true,"href":"https:\/\/bschairs.it\/de\/wp-json\/wp\/v2\/comments?post=13199"}],"wp:featuredmedia":[{"embeddable":true,"href":"https:\/\/bschairs.it\/de\/wp-json\/wp\/v2\/media\/13270"}],"wp:attachment":[{"href":"https:\/\/bschairs.it\/de\/wp-json\/wp\/v2\/media?parent=13199"}],"wp:term":[{"taxonomy":"product_brand","embeddable":true,"href":"https:\/\/bschairs.it\/de\/wp-json\/wp\/v2\/product_brand?post=13199"},{"taxonomy":"product_cat","embeddable":true,"href":"https:\/\/bschairs.it\/de\/wp-json\/wp\/v2\/product_cat?post=13199"},{"taxonomy":"product_tag","embeddable":true,"href":"https:\/\/bschairs.it\/de\/wp-json\/wp\/v2\/product_tag?post=13199"}],"curies":[{"name":"wp","href":"https:\/\/api.w.org\/{rel}","templated":true}]}}