{"id":13200,"date":"2024-02-13T14:20:28","date_gmt":"2024-02-13T14:20:28","guid":{"rendered":"https:\/\/bschairs.it\/?post_type=product&#038;p=13200"},"modified":"2024-05-21T08:39:55","modified_gmt":"2024-05-21T08:39:55","slug":"atlanta-2","status":"publish","type":"product","link":"https:\/\/bschairs.it\/de\/negozio\/tutti-gli-stili\/stile-contemporaneo\/atlanta-2\/","title":{"rendered":"Atlanta"},"content":{"rendered":"<p>Ein Stuhl, der den Geist der zeitgen\u00f6ssischen M\u00f6bel verk\u00f6rpert, mit einer Struktur aus europ\u00e4ischer Buche, die Qualit\u00e4t und Raffinesse garantiert. Ideal, um den modernsten Restaurantspeises\u00e4len, anspruchsvollen Entspannungsbereichen oder avantgardistischen Wohnr\u00e4umen eine trendige Atmosph\u00e4re zu verleihen.<\/p>","protected":false},"excerpt":{"rendered":"<p>Ein Stuhl, der den Geist der zeitgen\u00f6ssischen M\u00f6bel verk\u00f6rpert, mit einer Struktur aus europ\u00e4ischer Buche, die Qualit\u00e4t und Raffinesse garantiert. Ideal, um den modernsten Restaurantspeises\u00e4len, anspruchsvollen Entspannungsbereichen oder avantgardistischen Wohnr\u00e4umen eine trendige Atmosph\u00e4re zu verleihen.<\/p>","protected":false},"featured_media":13279,"comment_status":"closed","ping_status":"closed","template":"","meta":[],"product_brand":[],"product_cat":[126,125],"product_tag":[130],"class_list":{"0":"post-13200","1":"product","2":"type-product","3":"status-publish","4":"has-post-thumbnail","6":"product_cat-stile-contemporaneo","7":"product_cat-tutti-gli-stili","8":"product_tag-sedie","10":"first","11":"instock","12":"shipping-taxable","13":"product-type-simple"},"_links":{"self":[{"href":"https:\/\/bschairs.it\/de\/wp-json\/wp\/v2\/product\/13200","targetHints":{"allow":["GET"]}}],"collection":[{"href":"https:\/\/bschairs.it\/de\/wp-json\/wp\/v2\/product"}],"about":[{"href":"https:\/\/bschairs.it\/de\/wp-json\/wp\/v2\/types\/product"}],"replies":[{"embeddable":true,"href":"https:\/\/bschairs.it\/de\/wp-json\/wp\/v2\/comments?post=13200"}],"wp:featuredmedia":[{"embeddable":true,"href":"https:\/\/bschairs.it\/de\/wp-json\/wp\/v2\/media\/13279"}],"wp:attachment":[{"href":"https:\/\/bschairs.it\/de\/wp-json\/wp\/v2\/media?parent=13200"}],"wp:term":[{"taxonomy":"product_brand","embeddable":true,"href":"https:\/\/bschairs.it\/de\/wp-json\/wp\/v2\/product_brand?post=13200"},{"taxonomy":"product_cat","embeddable":true,"href":"https:\/\/bschairs.it\/de\/wp-json\/wp\/v2\/product_cat?post=13200"},{"taxonomy":"product_tag","embeddable":true,"href":"https:\/\/bschairs.it\/de\/wp-json\/wp\/v2\/product_tag?post=13200"}],"curies":[{"name":"wp","href":"https:\/\/api.w.org\/{rel}","templated":true}]}}