{"id":13201,"date":"2024-02-13T14:20:28","date_gmt":"2024-02-13T14:20:28","guid":{"rendered":"https:\/\/bschairs.it\/?post_type=product&#038;p=13201"},"modified":"2024-05-21T08:40:37","modified_gmt":"2024-05-21T08:40:37","slug":"olympia","status":"publish","type":"product","link":"https:\/\/bschairs.it\/de\/negozio\/tutti-gli-stili\/stile-contemporaneo\/olympia\/","title":{"rendered":"Olympia"},"content":{"rendered":"<p>Ein Stuhl, der den Komfort des zeitgen\u00f6ssischen Designs mit der Solidit\u00e4t der streng zertifizierten europ\u00e4ischen Buche vereint, perfekt f\u00fcr die stilvolle Ausstattung von Hotelzimmern, Entspannungsbereichen, dynamischen Wohnr\u00e4umen oder anspruchsvollen Lounges.<\/p>","protected":false},"excerpt":{"rendered":"<p>Ein Stuhl, der den Komfort des zeitgen\u00f6ssischen Designs mit der Solidit\u00e4t der streng zertifizierten europ\u00e4ischen Buche vereint, perfekt f\u00fcr die stilvolle Ausstattung von Hotelzimmern, Entspannungsbereichen, dynamischen Wohnr\u00e4umen oder anspruchsvollen Lounges.<\/p>","protected":false},"featured_media":13283,"comment_status":"closed","ping_status":"closed","template":"","meta":[],"product_brand":[],"product_cat":[126,125],"product_tag":[134],"class_list":{"0":"post-13201","1":"product","2":"type-product","3":"status-publish","4":"has-post-thumbnail","6":"product_cat-stile-contemporaneo","7":"product_cat-tutti-gli-stili","8":"product_tag-poltrone","10":"first","11":"instock","12":"shipping-taxable","13":"product-type-simple"},"_links":{"self":[{"href":"https:\/\/bschairs.it\/de\/wp-json\/wp\/v2\/product\/13201","targetHints":{"allow":["GET"]}}],"collection":[{"href":"https:\/\/bschairs.it\/de\/wp-json\/wp\/v2\/product"}],"about":[{"href":"https:\/\/bschairs.it\/de\/wp-json\/wp\/v2\/types\/product"}],"replies":[{"embeddable":true,"href":"https:\/\/bschairs.it\/de\/wp-json\/wp\/v2\/comments?post=13201"}],"wp:featuredmedia":[{"embeddable":true,"href":"https:\/\/bschairs.it\/de\/wp-json\/wp\/v2\/media\/13283"}],"wp:attachment":[{"href":"https:\/\/bschairs.it\/de\/wp-json\/wp\/v2\/media?parent=13201"}],"wp:term":[{"taxonomy":"product_brand","embeddable":true,"href":"https:\/\/bschairs.it\/de\/wp-json\/wp\/v2\/product_brand?post=13201"},{"taxonomy":"product_cat","embeddable":true,"href":"https:\/\/bschairs.it\/de\/wp-json\/wp\/v2\/product_cat?post=13201"},{"taxonomy":"product_tag","embeddable":true,"href":"https:\/\/bschairs.it\/de\/wp-json\/wp\/v2\/product_tag?post=13201"}],"curies":[{"name":"wp","href":"https:\/\/api.w.org\/{rel}","templated":true}]}}