{"id":13210,"date":"2024-09-13T14:20:54","date_gmt":"2024-09-13T14:20:54","guid":{"rendered":"https:\/\/bschairs.it\/?post_type=product&#038;p=13210"},"modified":"2024-10-07T11:48:17","modified_gmt":"2024-10-07T11:48:17","slug":"los-angeles","status":"publish","type":"product","link":"https:\/\/bschairs.it\/de\/negozio\/tutti-gli-stili\/stile-contemporaneo\/los-angeles\/","title":{"rendered":"Los Angeles"},"content":{"rendered":"<p>Hoher und schlanker Sessel, bezogen mit anpassbarem Stoff. Das Design zeichnet sich durch eine hohe R\u00fcckenlehne aus, die f\u00fcr angemessene Unterst\u00fctzung und hohen Komfort sorgt. Dieser Sessel eignet sich perfekt, um eine Leseecke zu schaffen, die Dekoration einer Hotellobby zu vervollst\u00e4ndigen oder als Sitzgelegenheit in einem ger\u00e4umigen Schlafzimmer zu dienen.<\/p>","protected":false},"excerpt":{"rendered":"<p>Hoher und schlanker Sessel, bezogen mit anpassbarem Stoff. Das Design zeichnet sich durch eine hohe R\u00fcckenlehne aus, die f\u00fcr angemessene Unterst\u00fctzung und hohen Komfort sorgt. Dieser Sessel eignet sich perfekt, um eine Leseecke zu schaffen, die Dekoration einer Hotellobby zu vervollst\u00e4ndigen oder als Sitzgelegenheit in einem ger\u00e4umigen Schlafzimmer zu dienen.<\/p>","protected":false},"featured_media":15060,"comment_status":"closed","ping_status":"closed","template":"","meta":[],"product_brand":[],"product_cat":[126,125],"product_tag":[134],"class_list":{"0":"post-13210","1":"product","2":"type-product","3":"status-publish","4":"has-post-thumbnail","6":"product_cat-stile-contemporaneo","7":"product_cat-tutti-gli-stili","8":"product_tag-poltrone","10":"first","11":"instock","12":"shipping-taxable","13":"product-type-simple"},"_links":{"self":[{"href":"https:\/\/bschairs.it\/de\/wp-json\/wp\/v2\/product\/13210","targetHints":{"allow":["GET"]}}],"collection":[{"href":"https:\/\/bschairs.it\/de\/wp-json\/wp\/v2\/product"}],"about":[{"href":"https:\/\/bschairs.it\/de\/wp-json\/wp\/v2\/types\/product"}],"replies":[{"embeddable":true,"href":"https:\/\/bschairs.it\/de\/wp-json\/wp\/v2\/comments?post=13210"}],"wp:featuredmedia":[{"embeddable":true,"href":"https:\/\/bschairs.it\/de\/wp-json\/wp\/v2\/media\/15060"}],"wp:attachment":[{"href":"https:\/\/bschairs.it\/de\/wp-json\/wp\/v2\/media?parent=13210"}],"wp:term":[{"taxonomy":"product_brand","embeddable":true,"href":"https:\/\/bschairs.it\/de\/wp-json\/wp\/v2\/product_brand?post=13210"},{"taxonomy":"product_cat","embeddable":true,"href":"https:\/\/bschairs.it\/de\/wp-json\/wp\/v2\/product_cat?post=13210"},{"taxonomy":"product_tag","embeddable":true,"href":"https:\/\/bschairs.it\/de\/wp-json\/wp\/v2\/product_tag?post=13210"}],"curies":[{"name":"wp","href":"https:\/\/api.w.org\/{rel}","templated":true}]}}