{"id":13211,"date":"2024-02-13T14:20:54","date_gmt":"2024-02-13T14:20:54","guid":{"rendered":"https:\/\/bschairs.it\/?post_type=product&#038;p=13211"},"modified":"2024-05-21T08:26:35","modified_gmt":"2024-05-21T08:26:35","slug":"seattle-3","status":"publish","type":"product","link":"https:\/\/bschairs.it\/de\/negozio\/tutti-gli-stili\/stile-contemporaneo\/seattle-3\/","title":{"rendered":"Seattle"},"content":{"rendered":"<p>Hoher Barhocker mit gepolstertem R\u00fccken- und Sitzteil. Das Design der geneigten R\u00fcckenlehne bietet Unterst\u00fctzung und Komfort f\u00fcr den R\u00fccken, w\u00e4hrend die schlanken Armlehnen eine zus\u00e4tzliche Ebene des Komforts bieten.<\/p>","protected":false},"excerpt":{"rendered":"<p>Hoher Barhocker mit gepolstertem R\u00fccken- und Sitzteil. Das Design der geneigten R\u00fcckenlehne bietet Unterst\u00fctzung und Komfort f\u00fcr den R\u00fccken, w\u00e4hrend die schlanken Armlehnen eine zus\u00e4tzliche Ebene des Komforts bieten.<\/p>","protected":false},"featured_media":13291,"comment_status":"closed","ping_status":"closed","template":"","meta":[],"product_brand":[],"product_cat":[126,125],"product_tag":[131],"class_list":{"0":"post-13211","1":"product","2":"type-product","3":"status-publish","4":"has-post-thumbnail","6":"product_cat-stile-contemporaneo","7":"product_cat-tutti-gli-stili","8":"product_tag-sgabelli","10":"first","11":"instock","12":"shipping-taxable","13":"product-type-simple"},"_links":{"self":[{"href":"https:\/\/bschairs.it\/de\/wp-json\/wp\/v2\/product\/13211","targetHints":{"allow":["GET"]}}],"collection":[{"href":"https:\/\/bschairs.it\/de\/wp-json\/wp\/v2\/product"}],"about":[{"href":"https:\/\/bschairs.it\/de\/wp-json\/wp\/v2\/types\/product"}],"replies":[{"embeddable":true,"href":"https:\/\/bschairs.it\/de\/wp-json\/wp\/v2\/comments?post=13211"}],"wp:featuredmedia":[{"embeddable":true,"href":"https:\/\/bschairs.it\/de\/wp-json\/wp\/v2\/media\/13291"}],"wp:attachment":[{"href":"https:\/\/bschairs.it\/de\/wp-json\/wp\/v2\/media?parent=13211"}],"wp:term":[{"taxonomy":"product_brand","embeddable":true,"href":"https:\/\/bschairs.it\/de\/wp-json\/wp\/v2\/product_brand?post=13211"},{"taxonomy":"product_cat","embeddable":true,"href":"https:\/\/bschairs.it\/de\/wp-json\/wp\/v2\/product_cat?post=13211"},{"taxonomy":"product_tag","embeddable":true,"href":"https:\/\/bschairs.it\/de\/wp-json\/wp\/v2\/product_tag?post=13211"}],"curies":[{"name":"wp","href":"https:\/\/api.w.org\/{rel}","templated":true}]}}