{"id":13212,"date":"2024-02-13T14:20:54","date_gmt":"2024-02-13T14:20:54","guid":{"rendered":"https:\/\/bschairs.it\/?post_type=product&#038;p=13212"},"modified":"2024-05-21T08:27:24","modified_gmt":"2024-05-21T08:27:24","slug":"malmo","status":"publish","type":"product","link":"https:\/\/bschairs.it\/de\/negozio\/tutti-gli-stili\/stile-contemporaneo\/malmo\/","title":{"rendered":"Malmo"},"content":{"rendered":"<p>Der Stuhl verf\u00fcgt \u00fcber einen umlaufenden Sitz aus einem zarten, anpassbaren Wildlederstoff, der zu langen Gespr\u00e4chen am Tisch einl\u00e4dt. Die Linie der R\u00fcckenlehne, schlank und leicht zur\u00fcckgelehnt, sorgt f\u00fcr bequemen Halt. Ideal f\u00fcr Restaurants oder Esszimmer.<\/p>","protected":false},"excerpt":{"rendered":"<p>Der Stuhl verf\u00fcgt \u00fcber einen umlaufenden Sitz aus einem zarten, anpassbaren Wildlederstoff, der zu langen Gespr\u00e4chen am Tisch einl\u00e4dt. Die Linie der R\u00fcckenlehne, schlank und leicht zur\u00fcckgelehnt, sorgt f\u00fcr bequemen Halt. Ideal f\u00fcr Restaurants oder Esszimmer.<\/p>","protected":false},"featured_media":13295,"comment_status":"closed","ping_status":"closed","template":"","meta":[],"product_brand":[],"product_cat":[126,125],"product_tag":[130],"class_list":{"0":"post-13212","1":"product","2":"type-product","3":"status-publish","4":"has-post-thumbnail","6":"product_cat-stile-contemporaneo","7":"product_cat-tutti-gli-stili","8":"product_tag-sedie","10":"first","11":"instock","12":"shipping-taxable","13":"product-type-simple"},"_links":{"self":[{"href":"https:\/\/bschairs.it\/de\/wp-json\/wp\/v2\/product\/13212","targetHints":{"allow":["GET"]}}],"collection":[{"href":"https:\/\/bschairs.it\/de\/wp-json\/wp\/v2\/product"}],"about":[{"href":"https:\/\/bschairs.it\/de\/wp-json\/wp\/v2\/types\/product"}],"replies":[{"embeddable":true,"href":"https:\/\/bschairs.it\/de\/wp-json\/wp\/v2\/comments?post=13212"}],"wp:featuredmedia":[{"embeddable":true,"href":"https:\/\/bschairs.it\/de\/wp-json\/wp\/v2\/media\/13295"}],"wp:attachment":[{"href":"https:\/\/bschairs.it\/de\/wp-json\/wp\/v2\/media?parent=13212"}],"wp:term":[{"taxonomy":"product_brand","embeddable":true,"href":"https:\/\/bschairs.it\/de\/wp-json\/wp\/v2\/product_brand?post=13212"},{"taxonomy":"product_cat","embeddable":true,"href":"https:\/\/bschairs.it\/de\/wp-json\/wp\/v2\/product_cat?post=13212"},{"taxonomy":"product_tag","embeddable":true,"href":"https:\/\/bschairs.it\/de\/wp-json\/wp\/v2\/product_tag?post=13212"}],"curies":[{"name":"wp","href":"https:\/\/api.w.org\/{rel}","templated":true}]}}