{"id":13213,"date":"2024-02-13T14:20:54","date_gmt":"2024-02-13T14:20:54","guid":{"rendered":"https:\/\/bschairs.it\/?post_type=product&#038;p=13213"},"modified":"2024-05-21T08:28:09","modified_gmt":"2024-05-21T08:28:09","slug":"miami","status":"publish","type":"product","link":"https:\/\/bschairs.it\/de\/negozio\/tutti-gli-stili\/stile-contemporaneo\/miami\/","title":{"rendered":"Miami"},"content":{"rendered":"<p>Dieser Stuhl, der Kunst und Design harmonisch ausbalanciert, ist f\u00fcr diejenigen gedacht, die Schneiderdetails sch\u00e4tzen und ein raffiniertes textiles Designelement in ihr Hotel oder Restaurant bringen m\u00f6chten. Er ist tats\u00e4chlich ideal f\u00fcr Speises\u00e4le oder Entspannungsecken.<\/p>","protected":false},"excerpt":{"rendered":"<p>Dieser Stuhl, der Kunst und Design harmonisch ausbalanciert, ist f\u00fcr diejenigen gedacht, die Schneiderdetails sch\u00e4tzen und ein raffiniertes textiles Designelement in ihr Hotel oder Restaurant bringen m\u00f6chten. Er ist tats\u00e4chlich ideal f\u00fcr Speises\u00e4le oder Entspannungsecken.<\/p>","protected":false},"featured_media":13299,"comment_status":"closed","ping_status":"closed","template":"","meta":[],"product_brand":[],"product_cat":[126,125],"product_tag":[130],"class_list":{"0":"post-13213","1":"product","2":"type-product","3":"status-publish","4":"has-post-thumbnail","6":"product_cat-stile-contemporaneo","7":"product_cat-tutti-gli-stili","8":"product_tag-sedie","10":"first","11":"instock","12":"shipping-taxable","13":"product-type-simple"},"_links":{"self":[{"href":"https:\/\/bschairs.it\/de\/wp-json\/wp\/v2\/product\/13213","targetHints":{"allow":["GET"]}}],"collection":[{"href":"https:\/\/bschairs.it\/de\/wp-json\/wp\/v2\/product"}],"about":[{"href":"https:\/\/bschairs.it\/de\/wp-json\/wp\/v2\/types\/product"}],"replies":[{"embeddable":true,"href":"https:\/\/bschairs.it\/de\/wp-json\/wp\/v2\/comments?post=13213"}],"wp:featuredmedia":[{"embeddable":true,"href":"https:\/\/bschairs.it\/de\/wp-json\/wp\/v2\/media\/13299"}],"wp:attachment":[{"href":"https:\/\/bschairs.it\/de\/wp-json\/wp\/v2\/media?parent=13213"}],"wp:term":[{"taxonomy":"product_brand","embeddable":true,"href":"https:\/\/bschairs.it\/de\/wp-json\/wp\/v2\/product_brand?post=13213"},{"taxonomy":"product_cat","embeddable":true,"href":"https:\/\/bschairs.it\/de\/wp-json\/wp\/v2\/product_cat?post=13213"},{"taxonomy":"product_tag","embeddable":true,"href":"https:\/\/bschairs.it\/de\/wp-json\/wp\/v2\/product_tag?post=13213"}],"curies":[{"name":"wp","href":"https:\/\/api.w.org\/{rel}","templated":true}]}}