{"id":13214,"date":"2024-02-13T14:20:54","date_gmt":"2024-02-13T14:20:54","guid":{"rendered":"https:\/\/bschairs.it\/?post_type=product&#038;p=13214"},"modified":"2024-05-21T08:28:53","modified_gmt":"2024-05-21T08:28:53","slug":"detroit","status":"publish","type":"product","link":"https:\/\/bschairs.it\/de\/negozio\/tutti-gli-stili\/stile-contemporaneo\/detroit\/","title":{"rendered":"Detroit"},"content":{"rendered":"<p>Dies ist ein Designer-Sessel, der eine raffinierte, anpassbare Farbpalette aufweist. Die Kontur der R\u00fcckenlehne wird durch einen d\u00fcnnen Rand betont, der dem Profil des Stuhls folgt und die flie\u00dfenden Kurven und das anspruchsvolle Design hervorhebt. Idealer Sessel f\u00fcr minimalistische Inneneinrichtungen.<\/p>","protected":false},"excerpt":{"rendered":"<p>Dies ist ein Designer-Sessel, der eine raffinierte, anpassbare Farbpalette aufweist. Die Kontur der R\u00fcckenlehne wird durch einen d\u00fcnnen Rand betont, der dem Profil des Stuhls folgt und die flie\u00dfenden Kurven und das anspruchsvolle Design hervorhebt. Idealer Sessel f\u00fcr minimalistische Inneneinrichtungen.<\/p>","protected":false},"featured_media":13309,"comment_status":"closed","ping_status":"closed","template":"","meta":[],"product_brand":[],"product_cat":[126,125],"product_tag":[133],"class_list":{"0":"post-13214","1":"product","2":"type-product","3":"status-publish","4":"has-post-thumbnail","6":"product_cat-stile-contemporaneo","7":"product_cat-tutti-gli-stili","8":"product_tag-poltroncine","10":"first","11":"instock","12":"shipping-taxable","13":"product-type-simple"},"_links":{"self":[{"href":"https:\/\/bschairs.it\/de\/wp-json\/wp\/v2\/product\/13214","targetHints":{"allow":["GET"]}}],"collection":[{"href":"https:\/\/bschairs.it\/de\/wp-json\/wp\/v2\/product"}],"about":[{"href":"https:\/\/bschairs.it\/de\/wp-json\/wp\/v2\/types\/product"}],"replies":[{"embeddable":true,"href":"https:\/\/bschairs.it\/de\/wp-json\/wp\/v2\/comments?post=13214"}],"wp:featuredmedia":[{"embeddable":true,"href":"https:\/\/bschairs.it\/de\/wp-json\/wp\/v2\/media\/13309"}],"wp:attachment":[{"href":"https:\/\/bschairs.it\/de\/wp-json\/wp\/v2\/media?parent=13214"}],"wp:term":[{"taxonomy":"product_brand","embeddable":true,"href":"https:\/\/bschairs.it\/de\/wp-json\/wp\/v2\/product_brand?post=13214"},{"taxonomy":"product_cat","embeddable":true,"href":"https:\/\/bschairs.it\/de\/wp-json\/wp\/v2\/product_cat?post=13214"},{"taxonomy":"product_tag","embeddable":true,"href":"https:\/\/bschairs.it\/de\/wp-json\/wp\/v2\/product_tag?post=13214"}],"curies":[{"name":"wp","href":"https:\/\/api.w.org\/{rel}","templated":true}]}}