{"id":13215,"date":"2024-02-13T14:20:54","date_gmt":"2024-02-13T14:20:54","guid":{"rendered":"https:\/\/bschairs.it\/?post_type=product&#038;p=13215"},"modified":"2024-05-21T08:29:38","modified_gmt":"2024-05-21T08:29:38","slug":"detroit-2","status":"publish","type":"product","link":"https:\/\/bschairs.it\/de\/negozio\/tutti-gli-stili\/stile-contemporaneo\/detroit-2\/","title":{"rendered":"Detroit"},"content":{"rendered":"<p>Ein Stuhl mit klaren Linien und einem zeitgem\u00e4\u00dfen Design, gekennzeichnet durch die Eleganz der Beine aus zertifiziertem europ\u00e4ischem Buchenholz, die sich elegant nach unten verj\u00fcngen und dazu beitragen, eine anspruchsvolle und moderne \u00c4sthetik zu schaffen. Perfekt f\u00fcr die Einrichtung von Restaurant-Speiser\u00e4umen, Entspannungsbereichen oder Wohnbereichen.<\/p>","protected":false},"excerpt":{"rendered":"<p>Ein Stuhl mit klaren Linien und einem zeitgem\u00e4\u00dfen Design, gekennzeichnet durch die Eleganz der Beine aus zertifiziertem europ\u00e4ischem Buchenholz, die sich elegant nach unten verj\u00fcngen und dazu beitragen, eine anspruchsvolle und moderne \u00c4sthetik zu schaffen. Perfekt f\u00fcr die Einrichtung von Restaurant-Speiser\u00e4umen, Entspannungsbereichen oder Wohnbereichen.<\/p>","protected":false},"featured_media":13313,"comment_status":"closed","ping_status":"closed","template":"","meta":[],"product_brand":[],"product_cat":[126,125],"product_tag":[130],"class_list":{"0":"post-13215","1":"product","2":"type-product","3":"status-publish","4":"has-post-thumbnail","6":"product_cat-stile-contemporaneo","7":"product_cat-tutti-gli-stili","8":"product_tag-sedie","10":"first","11":"instock","12":"shipping-taxable","13":"product-type-simple"},"_links":{"self":[{"href":"https:\/\/bschairs.it\/de\/wp-json\/wp\/v2\/product\/13215","targetHints":{"allow":["GET"]}}],"collection":[{"href":"https:\/\/bschairs.it\/de\/wp-json\/wp\/v2\/product"}],"about":[{"href":"https:\/\/bschairs.it\/de\/wp-json\/wp\/v2\/types\/product"}],"replies":[{"embeddable":true,"href":"https:\/\/bschairs.it\/de\/wp-json\/wp\/v2\/comments?post=13215"}],"wp:featuredmedia":[{"embeddable":true,"href":"https:\/\/bschairs.it\/de\/wp-json\/wp\/v2\/media\/13313"}],"wp:attachment":[{"href":"https:\/\/bschairs.it\/de\/wp-json\/wp\/v2\/media?parent=13215"}],"wp:term":[{"taxonomy":"product_brand","embeddable":true,"href":"https:\/\/bschairs.it\/de\/wp-json\/wp\/v2\/product_brand?post=13215"},{"taxonomy":"product_cat","embeddable":true,"href":"https:\/\/bschairs.it\/de\/wp-json\/wp\/v2\/product_cat?post=13215"},{"taxonomy":"product_tag","embeddable":true,"href":"https:\/\/bschairs.it\/de\/wp-json\/wp\/v2\/product_tag?post=13215"}],"curies":[{"name":"wp","href":"https:\/\/api.w.org\/{rel}","templated":true}]}}