{"id":13216,"date":"2024-09-13T14:20:54","date_gmt":"2024-09-13T14:20:54","guid":{"rendered":"https:\/\/bschairs.it\/?post_type=product&#038;p=13216"},"modified":"2024-10-07T08:53:46","modified_gmt":"2024-10-07T08:53:46","slug":"paris-2","status":"publish","type":"product","link":"https:\/\/bschairs.it\/de\/negozio\/tutti-gli-stili\/stile-contemporaneo\/paris-2\/","title":{"rendered":"Paris"},"content":{"rendered":"<p>Gekennzeichnet durch ein zeitgem\u00e4\u00dfes Design und eine Struktur mit wesentlichen Formen, eignet sich dieser Sessel f\u00fcr den Einsatz in Restaurant-Speiser\u00e4umen, Entspannungsbereichen oder Wohnr\u00e4umen. Er verf\u00fcgt \u00fcber Beine aus schwarz lackierter Buche.<\/p>","protected":false},"excerpt":{"rendered":"<p>Gekennzeichnet durch ein zeitgem\u00e4\u00dfes Design und eine Struktur mit wesentlichen Formen, eignet sich dieser Sessel f\u00fcr den Einsatz in Restaurant-Speiser\u00e4umen, Entspannungsbereichen oder Wohnr\u00e4umen. Er verf\u00fcgt \u00fcber Beine aus schwarz lackierter Buche.<\/p>","protected":false},"featured_media":15001,"comment_status":"closed","ping_status":"closed","template":"","meta":[],"product_brand":[],"product_cat":[126,125],"product_tag":[133],"class_list":{"0":"post-13216","1":"product","2":"type-product","3":"status-publish","4":"has-post-thumbnail","6":"product_cat-stile-contemporaneo","7":"product_cat-tutti-gli-stili","8":"product_tag-poltroncine","10":"first","11":"instock","12":"shipping-taxable","13":"product-type-simple"},"_links":{"self":[{"href":"https:\/\/bschairs.it\/de\/wp-json\/wp\/v2\/product\/13216","targetHints":{"allow":["GET"]}}],"collection":[{"href":"https:\/\/bschairs.it\/de\/wp-json\/wp\/v2\/product"}],"about":[{"href":"https:\/\/bschairs.it\/de\/wp-json\/wp\/v2\/types\/product"}],"replies":[{"embeddable":true,"href":"https:\/\/bschairs.it\/de\/wp-json\/wp\/v2\/comments?post=13216"}],"wp:featuredmedia":[{"embeddable":true,"href":"https:\/\/bschairs.it\/de\/wp-json\/wp\/v2\/media\/15001"}],"wp:attachment":[{"href":"https:\/\/bschairs.it\/de\/wp-json\/wp\/v2\/media?parent=13216"}],"wp:term":[{"taxonomy":"product_brand","embeddable":true,"href":"https:\/\/bschairs.it\/de\/wp-json\/wp\/v2\/product_brand?post=13216"},{"taxonomy":"product_cat","embeddable":true,"href":"https:\/\/bschairs.it\/de\/wp-json\/wp\/v2\/product_cat?post=13216"},{"taxonomy":"product_tag","embeddable":true,"href":"https:\/\/bschairs.it\/de\/wp-json\/wp\/v2\/product_tag?post=13216"}],"curies":[{"name":"wp","href":"https:\/\/api.w.org\/{rel}","templated":true}]}}