{"id":13217,"date":"2024-02-13T14:20:54","date_gmt":"2024-02-13T14:20:54","guid":{"rendered":"https:\/\/bschairs.it\/?post_type=product&#038;p=13217"},"modified":"2024-05-21T08:31:15","modified_gmt":"2024-05-21T08:31:15","slug":"buffalo","status":"publish","type":"product","link":"https:\/\/bschairs.it\/de\/negozio\/tutti-gli-stili\/stile-contemporaneo\/buffalo\/","title":{"rendered":"Buffalo"},"content":{"rendered":"<p>Sessel, der sich durch klare Linien und modernes Design auszeichnet, mit Beinen aus Buchenholz, die elegant nach unten verj\u00fcngen und ihm einen raffinierten und zeitgen\u00f6ssischen Look verleihen. Perfekt f\u00fcr Umgebungen wie Restaurant-Speises\u00e4le, Entspannungsbereiche oder Hotel-Lobbys.<\/p>","protected":false},"excerpt":{"rendered":"<p>Sessel, der sich durch klare Linien und modernes Design auszeichnet, mit Beinen aus Buchenholz, die elegant nach unten verj\u00fcngen und ihm einen raffinierten und zeitgen\u00f6ssischen Look verleihen. Perfekt f\u00fcr Umgebungen wie Restaurant-Speises\u00e4le, Entspannungsbereiche oder Hotel-Lobbys.<\/p>","protected":false},"featured_media":13321,"comment_status":"closed","ping_status":"closed","template":"","meta":[],"product_brand":[],"product_cat":[126,125],"product_tag":[133],"class_list":{"0":"post-13217","1":"product","2":"type-product","3":"status-publish","4":"has-post-thumbnail","6":"product_cat-stile-contemporaneo","7":"product_cat-tutti-gli-stili","8":"product_tag-poltroncine","10":"first","11":"instock","12":"shipping-taxable","13":"product-type-simple"},"_links":{"self":[{"href":"https:\/\/bschairs.it\/de\/wp-json\/wp\/v2\/product\/13217","targetHints":{"allow":["GET"]}}],"collection":[{"href":"https:\/\/bschairs.it\/de\/wp-json\/wp\/v2\/product"}],"about":[{"href":"https:\/\/bschairs.it\/de\/wp-json\/wp\/v2\/types\/product"}],"replies":[{"embeddable":true,"href":"https:\/\/bschairs.it\/de\/wp-json\/wp\/v2\/comments?post=13217"}],"wp:featuredmedia":[{"embeddable":true,"href":"https:\/\/bschairs.it\/de\/wp-json\/wp\/v2\/media\/13321"}],"wp:attachment":[{"href":"https:\/\/bschairs.it\/de\/wp-json\/wp\/v2\/media?parent=13217"}],"wp:term":[{"taxonomy":"product_brand","embeddable":true,"href":"https:\/\/bschairs.it\/de\/wp-json\/wp\/v2\/product_brand?post=13217"},{"taxonomy":"product_cat","embeddable":true,"href":"https:\/\/bschairs.it\/de\/wp-json\/wp\/v2\/product_cat?post=13217"},{"taxonomy":"product_tag","embeddable":true,"href":"https:\/\/bschairs.it\/de\/wp-json\/wp\/v2\/product_tag?post=13217"}],"curies":[{"name":"wp","href":"https:\/\/api.w.org\/{rel}","templated":true}]}}