{"id":13218,"date":"2024-02-13T14:20:54","date_gmt":"2024-02-13T14:20:54","guid":{"rendered":"https:\/\/bschairs.it\/?post_type=product&#038;p=13218"},"modified":"2024-05-21T08:32:04","modified_gmt":"2024-05-21T08:32:04","slug":"belluno","status":"publish","type":"product","link":"https:\/\/bschairs.it\/de\/negozio\/tutti-gli-stili\/stile-contemporaneo\/belluno\/","title":{"rendered":"Belluno"},"content":{"rendered":"<p>Sessel ideal f\u00fcr Umgebungen wie Restaurant-Speises\u00e4le, Entspannungsbereiche oder Lese-Ecken. Prototypiert mit einem zeitgen\u00f6ssischen Design und klaren Linien, ist dieses M\u00f6belst\u00fcck mit einer Struktur und Beinen aus dunkel lackiertem zertifiziertem Buchenholz ausgestattet.<\/p>","protected":false},"excerpt":{"rendered":"<p>Sessel ideal f\u00fcr Umgebungen wie Restaurant-Speises\u00e4le, Entspannungsbereiche oder Lese-Ecken. Prototypiert mit einem zeitgen\u00f6ssischen Design und klaren Linien, ist dieses M\u00f6belst\u00fcck mit einer Struktur und Beinen aus dunkel lackiertem zertifiziertem Buchenholz ausgestattet.<\/p>","protected":false},"featured_media":13325,"comment_status":"closed","ping_status":"closed","template":"","meta":[],"product_brand":[],"product_cat":[126,125],"product_tag":[133],"class_list":{"0":"post-13218","1":"product","2":"type-product","3":"status-publish","4":"has-post-thumbnail","6":"product_cat-stile-contemporaneo","7":"product_cat-tutti-gli-stili","8":"product_tag-poltroncine","10":"first","11":"instock","12":"shipping-taxable","13":"product-type-simple"},"_links":{"self":[{"href":"https:\/\/bschairs.it\/de\/wp-json\/wp\/v2\/product\/13218","targetHints":{"allow":["GET"]}}],"collection":[{"href":"https:\/\/bschairs.it\/de\/wp-json\/wp\/v2\/product"}],"about":[{"href":"https:\/\/bschairs.it\/de\/wp-json\/wp\/v2\/types\/product"}],"replies":[{"embeddable":true,"href":"https:\/\/bschairs.it\/de\/wp-json\/wp\/v2\/comments?post=13218"}],"wp:featuredmedia":[{"embeddable":true,"href":"https:\/\/bschairs.it\/de\/wp-json\/wp\/v2\/media\/13325"}],"wp:attachment":[{"href":"https:\/\/bschairs.it\/de\/wp-json\/wp\/v2\/media?parent=13218"}],"wp:term":[{"taxonomy":"product_brand","embeddable":true,"href":"https:\/\/bschairs.it\/de\/wp-json\/wp\/v2\/product_brand?post=13218"},{"taxonomy":"product_cat","embeddable":true,"href":"https:\/\/bschairs.it\/de\/wp-json\/wp\/v2\/product_cat?post=13218"},{"taxonomy":"product_tag","embeddable":true,"href":"https:\/\/bschairs.it\/de\/wp-json\/wp\/v2\/product_tag?post=13218"}],"curies":[{"name":"wp","href":"https:\/\/api.w.org\/{rel}","templated":true}]}}