{"id":13219,"date":"2024-02-13T14:20:54","date_gmt":"2024-02-13T14:20:54","guid":{"rendered":"https:\/\/bschairs.it\/?post_type=product&#038;p=13219"},"modified":"2024-05-21T08:32:48","modified_gmt":"2024-05-21T08:32:48","slug":"toronto","status":"publish","type":"product","link":"https:\/\/bschairs.it\/de\/negozio\/tutti-gli-stili\/stile-contemporaneo\/toronto\/","title":{"rendered":"Toronto"},"content":{"rendered":"<p>Ein moderner Sessel mit klaren Linien, der mit einer R\u00fcckenlehne in einem modernen und halb-futuristischen Stil gestaltet ist. Ein M\u00f6belst\u00fcck, das die \u00c4sthetik und moderne Einrichtung von Entspannungsbereichen, Hotellobbys oder Gemeinschaftsr\u00e4umen vervollst\u00e4ndigt.<\/p>","protected":false},"excerpt":{"rendered":"<p>Ein moderner Sessel mit klaren Linien, der mit einer R\u00fcckenlehne in einem modernen und halb-futuristischen Stil gestaltet ist. Ein M\u00f6belst\u00fcck, das die \u00c4sthetik und moderne Einrichtung von Entspannungsbereichen, Hotellobbys oder Gemeinschaftsr\u00e4umen vervollst\u00e4ndigt.<\/p>","protected":false},"featured_media":13331,"comment_status":"closed","ping_status":"closed","template":"","meta":[],"product_brand":[],"product_cat":[126,125],"product_tag":[133],"class_list":{"0":"post-13219","1":"product","2":"type-product","3":"status-publish","4":"has-post-thumbnail","6":"product_cat-stile-contemporaneo","7":"product_cat-tutti-gli-stili","8":"product_tag-poltroncine","10":"first","11":"instock","12":"shipping-taxable","13":"product-type-simple"},"_links":{"self":[{"href":"https:\/\/bschairs.it\/de\/wp-json\/wp\/v2\/product\/13219","targetHints":{"allow":["GET"]}}],"collection":[{"href":"https:\/\/bschairs.it\/de\/wp-json\/wp\/v2\/product"}],"about":[{"href":"https:\/\/bschairs.it\/de\/wp-json\/wp\/v2\/types\/product"}],"replies":[{"embeddable":true,"href":"https:\/\/bschairs.it\/de\/wp-json\/wp\/v2\/comments?post=13219"}],"wp:featuredmedia":[{"embeddable":true,"href":"https:\/\/bschairs.it\/de\/wp-json\/wp\/v2\/media\/13331"}],"wp:attachment":[{"href":"https:\/\/bschairs.it\/de\/wp-json\/wp\/v2\/media?parent=13219"}],"wp:term":[{"taxonomy":"product_brand","embeddable":true,"href":"https:\/\/bschairs.it\/de\/wp-json\/wp\/v2\/product_brand?post=13219"},{"taxonomy":"product_cat","embeddable":true,"href":"https:\/\/bschairs.it\/de\/wp-json\/wp\/v2\/product_cat?post=13219"},{"taxonomy":"product_tag","embeddable":true,"href":"https:\/\/bschairs.it\/de\/wp-json\/wp\/v2\/product_tag?post=13219"}],"curies":[{"name":"wp","href":"https:\/\/api.w.org\/{rel}","templated":true}]}}