{"id":13230,"date":"2024-09-13T14:21:16","date_gmt":"2024-09-13T14:21:16","guid":{"rendered":"https:\/\/bschairs.it\/?post_type=product&#038;p=13230"},"modified":"2024-10-07T11:46:42","modified_gmt":"2024-10-07T11:46:42","slug":"lione","status":"publish","type":"product","link":"https:\/\/bschairs.it\/de\/negozio\/tutti-gli-stili\/stile-contemporaneo\/lione\/","title":{"rendered":"Lione"},"content":{"rendered":"<p>Sessel mit einem kontrastierenden Rand entlang der R\u00fcckenlehne, der einen Designakzent und eine zus\u00e4tzliche Ebene von Raffinesse hinzuf\u00fcgt. Ein ideales M\u00f6belst\u00fcck als Sitzgelegenheit im Esszimmer, f\u00fcr eine Gespr\u00e4chsecke oder als Erg\u00e4nzung in einem Hotelzimmer.<\/p>","protected":false},"excerpt":{"rendered":"<p>Sessel mit einem kontrastierenden Rand entlang der R\u00fcckenlehne, der einen Designakzent und eine zus\u00e4tzliche Ebene von Raffinesse hinzuf\u00fcgt. Ein ideales M\u00f6belst\u00fcck als Sitzgelegenheit im Esszimmer, f\u00fcr eine Gespr\u00e4chsecke oder als Erg\u00e4nzung in einem Hotelzimmer.<\/p>","protected":false},"featured_media":15073,"comment_status":"closed","ping_status":"closed","template":"","meta":[],"product_brand":[],"product_cat":[126,125],"product_tag":[133],"class_list":{"0":"post-13230","1":"product","2":"type-product","3":"status-publish","4":"has-post-thumbnail","6":"product_cat-stile-contemporaneo","7":"product_cat-tutti-gli-stili","8":"product_tag-poltroncine","10":"first","11":"instock","12":"shipping-taxable","13":"product-type-simple"},"_links":{"self":[{"href":"https:\/\/bschairs.it\/de\/wp-json\/wp\/v2\/product\/13230","targetHints":{"allow":["GET"]}}],"collection":[{"href":"https:\/\/bschairs.it\/de\/wp-json\/wp\/v2\/product"}],"about":[{"href":"https:\/\/bschairs.it\/de\/wp-json\/wp\/v2\/types\/product"}],"replies":[{"embeddable":true,"href":"https:\/\/bschairs.it\/de\/wp-json\/wp\/v2\/comments?post=13230"}],"wp:featuredmedia":[{"embeddable":true,"href":"https:\/\/bschairs.it\/de\/wp-json\/wp\/v2\/media\/15073"}],"wp:attachment":[{"href":"https:\/\/bschairs.it\/de\/wp-json\/wp\/v2\/media?parent=13230"}],"wp:term":[{"taxonomy":"product_brand","embeddable":true,"href":"https:\/\/bschairs.it\/de\/wp-json\/wp\/v2\/product_brand?post=13230"},{"taxonomy":"product_cat","embeddable":true,"href":"https:\/\/bschairs.it\/de\/wp-json\/wp\/v2\/product_cat?post=13230"},{"taxonomy":"product_tag","embeddable":true,"href":"https:\/\/bschairs.it\/de\/wp-json\/wp\/v2\/product_tag?post=13230"}],"curies":[{"name":"wp","href":"https:\/\/api.w.org\/{rel}","templated":true}]}}