{"id":13231,"date":"2024-02-13T14:21:16","date_gmt":"2024-02-13T14:21:16","guid":{"rendered":"https:\/\/bschairs.it\/?post_type=product&#038;p=13231"},"modified":"2024-05-20T10:05:50","modified_gmt":"2024-05-20T10:05:50","slug":"tucson","status":"publish","type":"product","link":"https:\/\/bschairs.it\/de\/negozio\/tutti-gli-stili\/stile-contemporaneo\/tucson\/","title":{"rendered":"Tucson"},"content":{"rendered":"<p>Sessel mit konisch zulaufenden Beinen aus schwarz lackierter Buche, die mit einem schlanken und modernen Design aufsteigen. Dieser Sessel eignet sich ideal zur Aufwertung des Speisesaals im Restaurant, als zus\u00e4tzliche Sitzgelegenheit oder als dekorative Erg\u00e4nzung f\u00fcr einen Lounge-Bereich.<\/p>","protected":false},"excerpt":{"rendered":"<p>Sessel mit konisch zulaufenden Beinen aus schwarz lackierter Buche, die mit einem schlanken und modernen Design aufsteigen. Dieser Sessel eignet sich ideal zur Aufwertung des Speisesaals im Restaurant, als zus\u00e4tzliche Sitzgelegenheit oder als dekorative Erg\u00e4nzung f\u00fcr einen Lounge-Bereich.<\/p>","protected":false},"featured_media":13345,"comment_status":"closed","ping_status":"closed","template":"","meta":[],"product_brand":[],"product_cat":[126,125],"product_tag":[133],"class_list":{"0":"post-13231","1":"product","2":"type-product","3":"status-publish","4":"has-post-thumbnail","6":"product_cat-stile-contemporaneo","7":"product_cat-tutti-gli-stili","8":"product_tag-poltroncine","10":"first","11":"instock","12":"shipping-taxable","13":"product-type-simple"},"_links":{"self":[{"href":"https:\/\/bschairs.it\/de\/wp-json\/wp\/v2\/product\/13231","targetHints":{"allow":["GET"]}}],"collection":[{"href":"https:\/\/bschairs.it\/de\/wp-json\/wp\/v2\/product"}],"about":[{"href":"https:\/\/bschairs.it\/de\/wp-json\/wp\/v2\/types\/product"}],"replies":[{"embeddable":true,"href":"https:\/\/bschairs.it\/de\/wp-json\/wp\/v2\/comments?post=13231"}],"wp:featuredmedia":[{"embeddable":true,"href":"https:\/\/bschairs.it\/de\/wp-json\/wp\/v2\/media\/13345"}],"wp:attachment":[{"href":"https:\/\/bschairs.it\/de\/wp-json\/wp\/v2\/media?parent=13231"}],"wp:term":[{"taxonomy":"product_brand","embeddable":true,"href":"https:\/\/bschairs.it\/de\/wp-json\/wp\/v2\/product_brand?post=13231"},{"taxonomy":"product_cat","embeddable":true,"href":"https:\/\/bschairs.it\/de\/wp-json\/wp\/v2\/product_cat?post=13231"},{"taxonomy":"product_tag","embeddable":true,"href":"https:\/\/bschairs.it\/de\/wp-json\/wp\/v2\/product_tag?post=13231"}],"curies":[{"name":"wp","href":"https:\/\/api.w.org\/{rel}","templated":true}]}}