{"id":13233,"date":"2024-02-13T14:21:16","date_gmt":"2024-02-13T14:21:16","guid":{"rendered":"https:\/\/bschairs.it\/?post_type=product&#038;p=13233"},"modified":"2024-05-21T08:24:48","modified_gmt":"2024-05-21T08:24:48","slug":"victoria","status":"publish","type":"product","link":"https:\/\/bschairs.it\/de\/negozio\/tutti-gli-stili\/stile-contemporaneo\/victoria\/","title":{"rendered":"Victoria"},"content":{"rendered":"<p>Stuhl gekennzeichnet durch klare Linien und lebendige Farben. Die Beine des Stuhls, hergestellt aus dunklem Holz mit einer gut polierten Oberfl\u00e4che, verj\u00fcngen sich elegant nach unten und vervollst\u00e4ndigen die raffinierte und zeitgen\u00f6ssische \u00c4sthetik.<\/p>","protected":false},"excerpt":{"rendered":"<p>Stuhl gekennzeichnet durch klare Linien und lebendige Farben. Die Beine des Stuhls, hergestellt aus dunklem Holz mit einer gut polierten Oberfl\u00e4che, verj\u00fcngen sich elegant nach unten und vervollst\u00e4ndigen die raffinierte und zeitgen\u00f6ssische \u00c4sthetik.<\/p>","protected":false},"featured_media":13353,"comment_status":"closed","ping_status":"closed","template":"","meta":[],"product_brand":[],"product_cat":[126,125],"product_tag":[130],"class_list":{"0":"post-13233","1":"product","2":"type-product","3":"status-publish","4":"has-post-thumbnail","6":"product_cat-stile-contemporaneo","7":"product_cat-tutti-gli-stili","8":"product_tag-sedie","10":"first","11":"instock","12":"shipping-taxable","13":"product-type-simple"},"_links":{"self":[{"href":"https:\/\/bschairs.it\/de\/wp-json\/wp\/v2\/product\/13233","targetHints":{"allow":["GET"]}}],"collection":[{"href":"https:\/\/bschairs.it\/de\/wp-json\/wp\/v2\/product"}],"about":[{"href":"https:\/\/bschairs.it\/de\/wp-json\/wp\/v2\/types\/product"}],"replies":[{"embeddable":true,"href":"https:\/\/bschairs.it\/de\/wp-json\/wp\/v2\/comments?post=13233"}],"wp:featuredmedia":[{"embeddable":true,"href":"https:\/\/bschairs.it\/de\/wp-json\/wp\/v2\/media\/13353"}],"wp:attachment":[{"href":"https:\/\/bschairs.it\/de\/wp-json\/wp\/v2\/media?parent=13233"}],"wp:term":[{"taxonomy":"product_brand","embeddable":true,"href":"https:\/\/bschairs.it\/de\/wp-json\/wp\/v2\/product_brand?post=13233"},{"taxonomy":"product_cat","embeddable":true,"href":"https:\/\/bschairs.it\/de\/wp-json\/wp\/v2\/product_cat?post=13233"},{"taxonomy":"product_tag","embeddable":true,"href":"https:\/\/bschairs.it\/de\/wp-json\/wp\/v2\/product_tag?post=13233"}],"curies":[{"name":"wp","href":"https:\/\/api.w.org\/{rel}","templated":true}]}}