{"id":13234,"date":"2024-02-13T14:21:17","date_gmt":"2024-02-13T14:21:17","guid":{"rendered":"https:\/\/bschairs.it\/?post_type=product&#038;p=13234"},"modified":"2024-05-21T08:22:10","modified_gmt":"2024-05-21T08:22:10","slug":"memphis","status":"publish","type":"product","link":"https:\/\/bschairs.it\/de\/negozio\/tutti-gli-stili\/stile-contemporaneo\/memphis\/","title":{"rendered":"Memphis"},"content":{"rendered":"<p>Sessel, der ein schlichtes und vielseitiges Aussehen bietet, das f\u00fcr verschiedene Einrichtungsschemata geeignet ist. Die Form der R\u00fcckenlehne, die sich in flie\u00dfende Armlehnen erstreckt, gew\u00e4hrleistet Halt und einen gem\u00fctlichen Sitzplatz. Perfekt f\u00fcr eine Leseecke, als Hotelzimmerstuhl oder f\u00fcr Restaurantbestuhlung.<\/p>","protected":false},"excerpt":{"rendered":"<p>Sessel, der ein schlichtes und vielseitiges Aussehen bietet, das f\u00fcr verschiedene Einrichtungsschemata geeignet ist. Die Form der R\u00fcckenlehne, die sich in flie\u00dfende Armlehnen erstreckt, gew\u00e4hrleistet Halt und einen gem\u00fctlichen Sitzplatz. Perfekt f\u00fcr eine Leseecke, als Hotelzimmerstuhl oder f\u00fcr Restaurantbestuhlung.<\/p>","protected":false},"featured_media":13357,"comment_status":"closed","ping_status":"closed","template":"","meta":[],"product_brand":[],"product_cat":[126,125],"product_tag":[133],"class_list":{"0":"post-13234","1":"product","2":"type-product","3":"status-publish","4":"has-post-thumbnail","6":"product_cat-stile-contemporaneo","7":"product_cat-tutti-gli-stili","8":"product_tag-poltroncine","10":"first","11":"instock","12":"shipping-taxable","13":"product-type-simple"},"_links":{"self":[{"href":"https:\/\/bschairs.it\/de\/wp-json\/wp\/v2\/product\/13234","targetHints":{"allow":["GET"]}}],"collection":[{"href":"https:\/\/bschairs.it\/de\/wp-json\/wp\/v2\/product"}],"about":[{"href":"https:\/\/bschairs.it\/de\/wp-json\/wp\/v2\/types\/product"}],"replies":[{"embeddable":true,"href":"https:\/\/bschairs.it\/de\/wp-json\/wp\/v2\/comments?post=13234"}],"wp:featuredmedia":[{"embeddable":true,"href":"https:\/\/bschairs.it\/de\/wp-json\/wp\/v2\/media\/13357"}],"wp:attachment":[{"href":"https:\/\/bschairs.it\/de\/wp-json\/wp\/v2\/media?parent=13234"}],"wp:term":[{"taxonomy":"product_brand","embeddable":true,"href":"https:\/\/bschairs.it\/de\/wp-json\/wp\/v2\/product_brand?post=13234"},{"taxonomy":"product_cat","embeddable":true,"href":"https:\/\/bschairs.it\/de\/wp-json\/wp\/v2\/product_cat?post=13234"},{"taxonomy":"product_tag","embeddable":true,"href":"https:\/\/bschairs.it\/de\/wp-json\/wp\/v2\/product_tag?post=13234"}],"curies":[{"name":"wp","href":"https:\/\/api.w.org\/{rel}","templated":true}]}}