{"id":13246,"date":"2024-02-13T14:21:39","date_gmt":"2024-02-13T14:21:39","guid":{"rendered":"https:\/\/bschairs.it\/?post_type=product&#038;p=13246"},"modified":"2024-05-21T08:21:23","modified_gmt":"2024-05-21T08:21:23","slug":"orlando","status":"publish","type":"product","link":"https:\/\/bschairs.it\/de\/negozio\/tutti-gli-stili\/stile-classico\/orlando\/","title":{"rendered":"Orlando"},"content":{"rendered":"<p>Designer-Sessel mit einem eleganten Profil und auff\u00e4lligen Details. Die Struktur des Sessels, hergestellt aus dunklem lackierten Buchenholz, bietet klare Linien und eine schlanke Form und tr\u00e4gt dazu bei, eine anspruchsvolle und zeitgen\u00f6ssische \u00c4sthetik zu schaffen.<\/p>","protected":false},"excerpt":{"rendered":"<p>Designer-Sessel mit einem eleganten Profil und auff\u00e4lligen Details. Die Struktur des Sessels, hergestellt aus dunklem lackierten Buchenholz, bietet klare Linien und eine schlanke Form und tr\u00e4gt dazu bei, eine anspruchsvolle und zeitgen\u00f6ssische \u00c4sthetik zu schaffen.<\/p>","protected":false},"featured_media":13366,"comment_status":"closed","ping_status":"closed","template":"","meta":[],"product_brand":[],"product_cat":[128,125],"product_tag":[133],"class_list":{"0":"post-13246","1":"product","2":"type-product","3":"status-publish","4":"has-post-thumbnail","6":"product_cat-stile-classico","7":"product_cat-tutti-gli-stili","8":"product_tag-poltroncine","10":"first","11":"instock","12":"shipping-taxable","13":"product-type-simple"},"_links":{"self":[{"href":"https:\/\/bschairs.it\/de\/wp-json\/wp\/v2\/product\/13246","targetHints":{"allow":["GET"]}}],"collection":[{"href":"https:\/\/bschairs.it\/de\/wp-json\/wp\/v2\/product"}],"about":[{"href":"https:\/\/bschairs.it\/de\/wp-json\/wp\/v2\/types\/product"}],"replies":[{"embeddable":true,"href":"https:\/\/bschairs.it\/de\/wp-json\/wp\/v2\/comments?post=13246"}],"wp:featuredmedia":[{"embeddable":true,"href":"https:\/\/bschairs.it\/de\/wp-json\/wp\/v2\/media\/13366"}],"wp:attachment":[{"href":"https:\/\/bschairs.it\/de\/wp-json\/wp\/v2\/media?parent=13246"}],"wp:term":[{"taxonomy":"product_brand","embeddable":true,"href":"https:\/\/bschairs.it\/de\/wp-json\/wp\/v2\/product_brand?post=13246"},{"taxonomy":"product_cat","embeddable":true,"href":"https:\/\/bschairs.it\/de\/wp-json\/wp\/v2\/product_cat?post=13246"},{"taxonomy":"product_tag","embeddable":true,"href":"https:\/\/bschairs.it\/de\/wp-json\/wp\/v2\/product_tag?post=13246"}],"curies":[{"name":"wp","href":"https:\/\/api.w.org\/{rel}","templated":true}]}}