{"id":13248,"date":"2024-02-13T14:21:40","date_gmt":"2024-02-13T14:21:40","guid":{"rendered":"https:\/\/bschairs.it\/?post_type=product&#038;p=13248"},"modified":"2024-05-21T08:16:19","modified_gmt":"2024-05-21T08:16:19","slug":"ottawa","status":"publish","type":"product","link":"https:\/\/bschairs.it\/de\/negozio\/tutti-gli-stili\/stile-contemporaneo\/ottawa\/","title":{"rendered":"Ottawa"},"content":{"rendered":"<p>Stuhl mit klassischem Komfort. Die geschwungene Silhouette des Stuhls mit integrierten Armlehnen l\u00e4dt zum Sitzen ein und bietet angenehme Unterst\u00fctzung. Dieser Stuhl eignet sich ideal, um eine gem\u00fctliche und anspruchsvolle Atmosph\u00e4re in jedem Speisesaal zu schaffen oder als zus\u00e4tzliche Sitzgelegenheit in einem Wohnraum.<\/p>","protected":false},"excerpt":{"rendered":"<p>Stuhl mit klassischem Komfort. Die geschwungene Silhouette des Stuhls mit integrierten Armlehnen l\u00e4dt zum Sitzen ein und bietet angenehme Unterst\u00fctzung. Dieser Stuhl eignet sich ideal, um eine gem\u00fctliche und anspruchsvolle Atmosph\u00e4re in jedem Speisesaal zu schaffen oder als zus\u00e4tzliche Sitzgelegenheit in einem Wohnraum.<\/p>","protected":false},"featured_media":13374,"comment_status":"closed","ping_status":"closed","template":"","meta":[],"product_brand":[],"product_cat":[126,125],"product_tag":[133],"class_list":{"0":"post-13248","1":"product","2":"type-product","3":"status-publish","4":"has-post-thumbnail","6":"product_cat-stile-contemporaneo","7":"product_cat-tutti-gli-stili","8":"product_tag-poltroncine","10":"first","11":"instock","12":"shipping-taxable","13":"product-type-simple"},"_links":{"self":[{"href":"https:\/\/bschairs.it\/de\/wp-json\/wp\/v2\/product\/13248","targetHints":{"allow":["GET"]}}],"collection":[{"href":"https:\/\/bschairs.it\/de\/wp-json\/wp\/v2\/product"}],"about":[{"href":"https:\/\/bschairs.it\/de\/wp-json\/wp\/v2\/types\/product"}],"replies":[{"embeddable":true,"href":"https:\/\/bschairs.it\/de\/wp-json\/wp\/v2\/comments?post=13248"}],"wp:featuredmedia":[{"embeddable":true,"href":"https:\/\/bschairs.it\/de\/wp-json\/wp\/v2\/media\/13374"}],"wp:attachment":[{"href":"https:\/\/bschairs.it\/de\/wp-json\/wp\/v2\/media?parent=13248"}],"wp:term":[{"taxonomy":"product_brand","embeddable":true,"href":"https:\/\/bschairs.it\/de\/wp-json\/wp\/v2\/product_brand?post=13248"},{"taxonomy":"product_cat","embeddable":true,"href":"https:\/\/bschairs.it\/de\/wp-json\/wp\/v2\/product_cat?post=13248"},{"taxonomy":"product_tag","embeddable":true,"href":"https:\/\/bschairs.it\/de\/wp-json\/wp\/v2\/product_tag?post=13248"}],"curies":[{"name":"wp","href":"https:\/\/api.w.org\/{rel}","templated":true}]}}