{"id":13249,"date":"2024-02-13T14:21:40","date_gmt":"2024-02-13T14:21:40","guid":{"rendered":"https:\/\/bschairs.it\/?post_type=product&#038;p=13249"},"modified":"2024-06-11T08:22:00","modified_gmt":"2024-06-11T08:22:00","slug":"cortina","status":"publish","type":"product","link":"https:\/\/bschairs.it\/de\/negozio\/tutti-gli-stili\/stile-contemporaneo\/cortina\/","title":{"rendered":"Cortina"},"content":{"rendered":"<p>Die geschwungene Silhouette des Armsessels mit integrierten Armlehnen l\u00e4dt zum Sitzen ein und bietet angenehme Unterst\u00fctzung. Die Beine des Stuhls aus europ\u00e4ischem Buchenholz mit Espresso-Finish verj\u00fcngen sich elegant nach unten und bieten einen raffinierten Kontrast zum hellen Stoff des Sitzes.<\/p>","protected":false},"excerpt":{"rendered":"<p>Die geschwungene Silhouette des Armsessels mit integrierten Armlehnen l\u00e4dt zum Sitzen ein und bietet angenehme Unterst\u00fctzung. Die Beine des Stuhls aus europ\u00e4ischem Buchenholz mit Espresso-Finish verj\u00fcngen sich elegant nach unten und bieten einen raffinierten Kontrast zum hellen Stoff des Sitzes.<\/p>","protected":false},"featured_media":14877,"comment_status":"closed","ping_status":"closed","template":"","meta":[],"product_brand":[],"product_cat":[126,125],"product_tag":[133],"class_list":{"0":"post-13249","1":"product","2":"type-product","3":"status-publish","4":"has-post-thumbnail","6":"product_cat-stile-contemporaneo","7":"product_cat-tutti-gli-stili","8":"product_tag-poltroncine","10":"first","11":"instock","12":"shipping-taxable","13":"product-type-simple"},"_links":{"self":[{"href":"https:\/\/bschairs.it\/de\/wp-json\/wp\/v2\/product\/13249","targetHints":{"allow":["GET"]}}],"collection":[{"href":"https:\/\/bschairs.it\/de\/wp-json\/wp\/v2\/product"}],"about":[{"href":"https:\/\/bschairs.it\/de\/wp-json\/wp\/v2\/types\/product"}],"replies":[{"embeddable":true,"href":"https:\/\/bschairs.it\/de\/wp-json\/wp\/v2\/comments?post=13249"}],"wp:featuredmedia":[{"embeddable":true,"href":"https:\/\/bschairs.it\/de\/wp-json\/wp\/v2\/media\/14877"}],"wp:attachment":[{"href":"https:\/\/bschairs.it\/de\/wp-json\/wp\/v2\/media?parent=13249"}],"wp:term":[{"taxonomy":"product_brand","embeddable":true,"href":"https:\/\/bschairs.it\/de\/wp-json\/wp\/v2\/product_brand?post=13249"},{"taxonomy":"product_cat","embeddable":true,"href":"https:\/\/bschairs.it\/de\/wp-json\/wp\/v2\/product_cat?post=13249"},{"taxonomy":"product_tag","embeddable":true,"href":"https:\/\/bschairs.it\/de\/wp-json\/wp\/v2\/product_tag?post=13249"}],"curies":[{"name":"wp","href":"https:\/\/api.w.org\/{rel}","templated":true}]}}