{"id":13250,"date":"2024-02-13T14:21:40","date_gmt":"2024-02-13T14:21:40","guid":{"rendered":"https:\/\/bschairs.it\/?post_type=product&#038;p=13250"},"modified":"2024-06-11T08:34:20","modified_gmt":"2024-06-11T08:34:20","slug":"portland","status":"publish","type":"product","link":"https:\/\/bschairs.it\/de\/negozio\/tutti-gli-stili\/stile-contemporaneo\/portland\/","title":{"rendered":"Portland"},"content":{"rendered":"<p>Gepolsterter Sessel mit einem modernen Design, das eine einladende, umh\u00fcllende Form bietet, die zur Entspannung einl\u00e4dt. Die subtilen N\u00e4hte an der R\u00fcckenlehne und die geschwungenen Armlehnen f\u00fcgen eine raffinierte Note hinzu, w\u00e4hrend die hellen Holzbeine mit nat\u00fcrlicher Oberfl\u00e4che einen warmen Kontrast und eine solide Basis bieten.<\/p>","protected":false},"excerpt":{"rendered":"<p>Gepolsterter Sessel mit einem modernen Design, das eine einladende, umh\u00fcllende Form bietet, die zur Entspannung einl\u00e4dt. Die subtilen N\u00e4hte an der R\u00fcckenlehne und die geschwungenen Armlehnen f\u00fcgen eine raffinierte Note hinzu, w\u00e4hrend die hellen Holzbeine mit nat\u00fcrlicher Oberfl\u00e4che einen warmen Kontrast und eine solide Basis bieten.<\/p>","protected":false},"featured_media":14880,"comment_status":"closed","ping_status":"closed","template":"","meta":[],"product_brand":[],"product_cat":[126,125],"product_tag":[133],"class_list":{"0":"post-13250","1":"product","2":"type-product","3":"status-publish","4":"has-post-thumbnail","6":"product_cat-stile-contemporaneo","7":"product_cat-tutti-gli-stili","8":"product_tag-poltroncine","10":"first","11":"instock","12":"shipping-taxable","13":"product-type-simple"},"_links":{"self":[{"href":"https:\/\/bschairs.it\/de\/wp-json\/wp\/v2\/product\/13250","targetHints":{"allow":["GET"]}}],"collection":[{"href":"https:\/\/bschairs.it\/de\/wp-json\/wp\/v2\/product"}],"about":[{"href":"https:\/\/bschairs.it\/de\/wp-json\/wp\/v2\/types\/product"}],"replies":[{"embeddable":true,"href":"https:\/\/bschairs.it\/de\/wp-json\/wp\/v2\/comments?post=13250"}],"wp:featuredmedia":[{"embeddable":true,"href":"https:\/\/bschairs.it\/de\/wp-json\/wp\/v2\/media\/14880"}],"wp:attachment":[{"href":"https:\/\/bschairs.it\/de\/wp-json\/wp\/v2\/media?parent=13250"}],"wp:term":[{"taxonomy":"product_brand","embeddable":true,"href":"https:\/\/bschairs.it\/de\/wp-json\/wp\/v2\/product_brand?post=13250"},{"taxonomy":"product_cat","embeddable":true,"href":"https:\/\/bschairs.it\/de\/wp-json\/wp\/v2\/product_cat?post=13250"},{"taxonomy":"product_tag","embeddable":true,"href":"https:\/\/bschairs.it\/de\/wp-json\/wp\/v2\/product_tag?post=13250"}],"curies":[{"name":"wp","href":"https:\/\/api.w.org\/{rel}","templated":true}]}}