{"id":13251,"date":"2024-02-13T14:21:40","date_gmt":"2024-02-13T14:21:40","guid":{"rendered":"https:\/\/bschairs.it\/?post_type=product&#038;p=13251"},"modified":"2024-05-21T08:18:55","modified_gmt":"2024-05-21T08:18:55","slug":"vancouver","status":"publish","type":"product","link":"https:\/\/bschairs.it\/de\/negozio\/tutti-gli-stili\/stile-contemporaneo\/vancouver\/","title":{"rendered":"Vancouver"},"content":{"rendered":"<p>Esszimmerstuhl mit einem zeitgen\u00f6ssischen Design. Der ergonomisch gebogene Sitz und die R\u00fcckenlehne sorgen f\u00fcr maximalen Komfort w\u00e4hrend langer Mahlzeiten oder ausgedehnter Arbeitssitzungen. Der Stuhl eignet sich ideal f\u00fcr moderne Umgebungen wie Esszimmer oder Wohnr\u00e4ume.<\/p>","protected":false},"excerpt":{"rendered":"<p>Esszimmerstuhl mit einem zeitgen\u00f6ssischen Design. Der ergonomisch gebogene Sitz und die R\u00fcckenlehne sorgen f\u00fcr maximalen Komfort w\u00e4hrend langer Mahlzeiten oder ausgedehnter Arbeitssitzungen. Der Stuhl eignet sich ideal f\u00fcr moderne Umgebungen wie Esszimmer oder Wohnr\u00e4ume.<\/p>","protected":false},"featured_media":13390,"comment_status":"closed","ping_status":"closed","template":"","meta":[],"product_brand":[],"product_cat":[126,125],"product_tag":[133],"class_list":{"0":"post-13251","1":"product","2":"type-product","3":"status-publish","4":"has-post-thumbnail","6":"product_cat-stile-contemporaneo","7":"product_cat-tutti-gli-stili","8":"product_tag-poltroncine","10":"first","11":"instock","12":"shipping-taxable","13":"product-type-simple"},"_links":{"self":[{"href":"https:\/\/bschairs.it\/de\/wp-json\/wp\/v2\/product\/13251","targetHints":{"allow":["GET"]}}],"collection":[{"href":"https:\/\/bschairs.it\/de\/wp-json\/wp\/v2\/product"}],"about":[{"href":"https:\/\/bschairs.it\/de\/wp-json\/wp\/v2\/types\/product"}],"replies":[{"embeddable":true,"href":"https:\/\/bschairs.it\/de\/wp-json\/wp\/v2\/comments?post=13251"}],"wp:featuredmedia":[{"embeddable":true,"href":"https:\/\/bschairs.it\/de\/wp-json\/wp\/v2\/media\/13390"}],"wp:attachment":[{"href":"https:\/\/bschairs.it\/de\/wp-json\/wp\/v2\/media?parent=13251"}],"wp:term":[{"taxonomy":"product_brand","embeddable":true,"href":"https:\/\/bschairs.it\/de\/wp-json\/wp\/v2\/product_brand?post=13251"},{"taxonomy":"product_cat","embeddable":true,"href":"https:\/\/bschairs.it\/de\/wp-json\/wp\/v2\/product_cat?post=13251"},{"taxonomy":"product_tag","embeddable":true,"href":"https:\/\/bschairs.it\/de\/wp-json\/wp\/v2\/product_tag?post=13251"}],"curies":[{"name":"wp","href":"https:\/\/api.w.org\/{rel}","templated":true}]}}