{"id":13274,"date":"2024-02-13T14:22:01","date_gmt":"2024-02-13T14:22:01","guid":{"rendered":"https:\/\/bschairs.it\/?post_type=product&#038;p=13274"},"modified":"2024-05-21T08:11:38","modified_gmt":"2024-05-21T08:11:38","slug":"toronto-2","status":"publish","type":"product","link":"https:\/\/bschairs.it\/de\/negozio\/tutti-gli-stili\/stile-contemporaneo\/toronto-2\/","title":{"rendered":"Toronto"},"content":{"rendered":"<p>Hocker mit gepolsterter Sitzfl\u00e4che und R\u00fcckenlehne, bezogen mit anpassbarem Wildlederstoff, der ein weiches und einladendes Erscheinungsbild bietet. Die leicht gebogene R\u00fcckenlehne gew\u00e4hrleistet ergonomische Unterst\u00fctzung. Er pr\u00e4sentiert sich als vielseitiger Hocker, der f\u00fcr verschiedene Umgebungen geeignet ist, vom Wohnbereich bis zur zeitgen\u00f6ssischen Bar.<\/p>","protected":false},"excerpt":{"rendered":"<p>Hocker mit gepolsterter Sitzfl\u00e4che und R\u00fcckenlehne, bezogen mit anpassbarem Wildlederstoff, der ein weiches und einladendes Erscheinungsbild bietet. Die leicht gebogene R\u00fcckenlehne gew\u00e4hrleistet ergonomische Unterst\u00fctzung. Er pr\u00e4sentiert sich als vielseitiger Hocker, der f\u00fcr verschiedene Umgebungen geeignet ist, vom Wohnbereich bis zur zeitgen\u00f6ssischen Bar.<\/p>","protected":false},"featured_media":13406,"comment_status":"closed","ping_status":"closed","template":"","meta":[],"product_brand":[],"product_cat":[126,125],"product_tag":[131],"class_list":{"0":"post-13274","1":"product","2":"type-product","3":"status-publish","4":"has-post-thumbnail","6":"product_cat-stile-contemporaneo","7":"product_cat-tutti-gli-stili","8":"product_tag-sgabelli","10":"first","11":"instock","12":"shipping-taxable","13":"product-type-simple"},"_links":{"self":[{"href":"https:\/\/bschairs.it\/de\/wp-json\/wp\/v2\/product\/13274","targetHints":{"allow":["GET"]}}],"collection":[{"href":"https:\/\/bschairs.it\/de\/wp-json\/wp\/v2\/product"}],"about":[{"href":"https:\/\/bschairs.it\/de\/wp-json\/wp\/v2\/types\/product"}],"replies":[{"embeddable":true,"href":"https:\/\/bschairs.it\/de\/wp-json\/wp\/v2\/comments?post=13274"}],"wp:featuredmedia":[{"embeddable":true,"href":"https:\/\/bschairs.it\/de\/wp-json\/wp\/v2\/media\/13406"}],"wp:attachment":[{"href":"https:\/\/bschairs.it\/de\/wp-json\/wp\/v2\/media?parent=13274"}],"wp:term":[{"taxonomy":"product_brand","embeddable":true,"href":"https:\/\/bschairs.it\/de\/wp-json\/wp\/v2\/product_brand?post=13274"},{"taxonomy":"product_cat","embeddable":true,"href":"https:\/\/bschairs.it\/de\/wp-json\/wp\/v2\/product_cat?post=13274"},{"taxonomy":"product_tag","embeddable":true,"href":"https:\/\/bschairs.it\/de\/wp-json\/wp\/v2\/product_tag?post=13274"}],"curies":[{"name":"wp","href":"https:\/\/api.w.org\/{rel}","templated":true}]}}