{"id":13275,"date":"2024-02-13T14:22:01","date_gmt":"2024-02-13T14:22:01","guid":{"rendered":"https:\/\/bschairs.it\/?post_type=product&#038;p=13275"},"modified":"2024-05-21T08:12:25","modified_gmt":"2024-05-21T08:12:25","slug":"malmo-2","status":"publish","type":"product","link":"https:\/\/bschairs.it\/de\/negozio\/tutti-gli-stili\/stile-contemporaneo\/malmo-2\/","title":{"rendered":"Malmo"},"content":{"rendered":"<p>Hocker mit einer gebogenen R\u00fcckenlehnenform, die entwickelt wurde, um eine bessere Unterst\u00fctzung zu bieten, die nahtlos mit der Sitzfl\u00e4che verschmilzt, um optimalen Komfort zu bieten. Die soliden und schlanken schwarzen Holzbeine bilden einen angenehmen Kontrast zur Weichheit des Stoffes, w\u00e4hrend die Fu\u00dfst\u00fctze eine praktische Erg\u00e4nzung darstellt.<\/p>","protected":false},"excerpt":{"rendered":"<p>Hocker mit einer gebogenen R\u00fcckenlehnenform, die entwickelt wurde, um eine bessere Unterst\u00fctzung zu bieten, die nahtlos mit der Sitzfl\u00e4che verschmilzt, um optimalen Komfort zu bieten. Die soliden und schlanken schwarzen Holzbeine bilden einen angenehmen Kontrast zur Weichheit des Stoffes, w\u00e4hrend die Fu\u00dfst\u00fctze eine praktische Erg\u00e4nzung darstellt.<\/p>","protected":false},"featured_media":13410,"comment_status":"closed","ping_status":"closed","template":"","meta":[],"product_brand":[],"product_cat":[126,125],"product_tag":[131],"class_list":{"0":"post-13275","1":"product","2":"type-product","3":"status-publish","4":"has-post-thumbnail","6":"product_cat-stile-contemporaneo","7":"product_cat-tutti-gli-stili","8":"product_tag-sgabelli","10":"first","11":"instock","12":"shipping-taxable","13":"product-type-simple"},"_links":{"self":[{"href":"https:\/\/bschairs.it\/de\/wp-json\/wp\/v2\/product\/13275","targetHints":{"allow":["GET"]}}],"collection":[{"href":"https:\/\/bschairs.it\/de\/wp-json\/wp\/v2\/product"}],"about":[{"href":"https:\/\/bschairs.it\/de\/wp-json\/wp\/v2\/types\/product"}],"replies":[{"embeddable":true,"href":"https:\/\/bschairs.it\/de\/wp-json\/wp\/v2\/comments?post=13275"}],"wp:featuredmedia":[{"embeddable":true,"href":"https:\/\/bschairs.it\/de\/wp-json\/wp\/v2\/media\/13410"}],"wp:attachment":[{"href":"https:\/\/bschairs.it\/de\/wp-json\/wp\/v2\/media?parent=13275"}],"wp:term":[{"taxonomy":"product_brand","embeddable":true,"href":"https:\/\/bschairs.it\/de\/wp-json\/wp\/v2\/product_brand?post=13275"},{"taxonomy":"product_cat","embeddable":true,"href":"https:\/\/bschairs.it\/de\/wp-json\/wp\/v2\/product_cat?post=13275"},{"taxonomy":"product_tag","embeddable":true,"href":"https:\/\/bschairs.it\/de\/wp-json\/wp\/v2\/product_tag?post=13275"}],"curies":[{"name":"wp","href":"https:\/\/api.w.org\/{rel}","templated":true}]}}