{"id":13276,"date":"2024-02-13T14:22:01","date_gmt":"2024-02-13T14:22:01","guid":{"rendered":"https:\/\/bschairs.it\/?post_type=product&#038;p=13276"},"modified":"2024-05-21T08:13:09","modified_gmt":"2024-05-21T08:13:09","slug":"lione-2","status":"publish","type":"product","link":"https:\/\/bschairs.it\/de\/negozio\/tutti-gli-stili\/stile-contemporaneo\/lione-2\/","title":{"rendered":"Lione"},"content":{"rendered":"<p>Die Form der R\u00fcckenlehne dieses Barhockers umschlie\u00dft den K\u00f6rper bequem und bietet Komfort und Unterst\u00fctzung. Die nat\u00fcrlichen Holzbeine mit ihrem warmen Farbton und der glatten Oberfl\u00e4che steigen elegant an und bilden einen angenehmen Kontrast zum weichen Sitz.<\/p>","protected":false},"excerpt":{"rendered":"<p>Die Form der R\u00fcckenlehne dieses Barhockers umschlie\u00dft den K\u00f6rper bequem und bietet Komfort und Unterst\u00fctzung. Die nat\u00fcrlichen Holzbeine mit ihrem warmen Farbton und der glatten Oberfl\u00e4che steigen elegant an und bilden einen angenehmen Kontrast zum weichen Sitz.<\/p>","protected":false},"featured_media":13414,"comment_status":"closed","ping_status":"closed","template":"","meta":[],"product_brand":[],"product_cat":[126,125],"product_tag":[131],"class_list":{"0":"post-13276","1":"product","2":"type-product","3":"status-publish","4":"has-post-thumbnail","6":"product_cat-stile-contemporaneo","7":"product_cat-tutti-gli-stili","8":"product_tag-sgabelli","10":"first","11":"instock","12":"shipping-taxable","13":"product-type-simple"},"_links":{"self":[{"href":"https:\/\/bschairs.it\/de\/wp-json\/wp\/v2\/product\/13276","targetHints":{"allow":["GET"]}}],"collection":[{"href":"https:\/\/bschairs.it\/de\/wp-json\/wp\/v2\/product"}],"about":[{"href":"https:\/\/bschairs.it\/de\/wp-json\/wp\/v2\/types\/product"}],"replies":[{"embeddable":true,"href":"https:\/\/bschairs.it\/de\/wp-json\/wp\/v2\/comments?post=13276"}],"wp:featuredmedia":[{"embeddable":true,"href":"https:\/\/bschairs.it\/de\/wp-json\/wp\/v2\/media\/13414"}],"wp:attachment":[{"href":"https:\/\/bschairs.it\/de\/wp-json\/wp\/v2\/media?parent=13276"}],"wp:term":[{"taxonomy":"product_brand","embeddable":true,"href":"https:\/\/bschairs.it\/de\/wp-json\/wp\/v2\/product_brand?post=13276"},{"taxonomy":"product_cat","embeddable":true,"href":"https:\/\/bschairs.it\/de\/wp-json\/wp\/v2\/product_cat?post=13276"},{"taxonomy":"product_tag","embeddable":true,"href":"https:\/\/bschairs.it\/de\/wp-json\/wp\/v2\/product_tag?post=13276"}],"curies":[{"name":"wp","href":"https:\/\/api.w.org\/{rel}","templated":true}]}}