{"id":13277,"date":"2024-02-13T14:22:01","date_gmt":"2024-02-13T14:22:01","guid":{"rendered":"https:\/\/bschairs.it\/?post_type=product&#038;p=13277"},"modified":"2024-05-21T08:13:53","modified_gmt":"2024-05-21T08:13:53","slug":"miami-2","status":"publish","type":"product","link":"https:\/\/bschairs.it\/de\/negozio\/tutti-gli-stili\/stile-contemporaneo\/miami-2\/","title":{"rendered":"Miami"},"content":{"rendered":"<p>Gebogen und umarmend bietet dieser Hocker Unterst\u00fctzung und eine bequeme Umarmung f\u00fcr diejenigen, die darauf sitzen. Die Querstange, die die Beine verbindet, dient als praktische Fu\u00dfst\u00fctze und f\u00fcgt der eleganten Struktur des Hockers eine zus\u00e4tzliche Stabilit\u00e4tsebene hinzu.<\/p>","protected":false},"excerpt":{"rendered":"<p>Gebogen und umarmend bietet dieser Hocker Unterst\u00fctzung und eine bequeme Umarmung f\u00fcr diejenigen, die darauf sitzen. Die Querstange, die die Beine verbindet, dient als praktische Fu\u00dfst\u00fctze und f\u00fcgt der eleganten Struktur des Hockers eine zus\u00e4tzliche Stabilit\u00e4tsebene hinzu.<\/p>","protected":false},"featured_media":13418,"comment_status":"closed","ping_status":"closed","template":"","meta":[],"product_brand":[],"product_cat":[126,125],"product_tag":[131],"class_list":{"0":"post-13277","1":"product","2":"type-product","3":"status-publish","4":"has-post-thumbnail","6":"product_cat-stile-contemporaneo","7":"product_cat-tutti-gli-stili","8":"product_tag-sgabelli","10":"first","11":"instock","12":"shipping-taxable","13":"product-type-simple"},"_links":{"self":[{"href":"https:\/\/bschairs.it\/de\/wp-json\/wp\/v2\/product\/13277","targetHints":{"allow":["GET"]}}],"collection":[{"href":"https:\/\/bschairs.it\/de\/wp-json\/wp\/v2\/product"}],"about":[{"href":"https:\/\/bschairs.it\/de\/wp-json\/wp\/v2\/types\/product"}],"replies":[{"embeddable":true,"href":"https:\/\/bschairs.it\/de\/wp-json\/wp\/v2\/comments?post=13277"}],"wp:featuredmedia":[{"embeddable":true,"href":"https:\/\/bschairs.it\/de\/wp-json\/wp\/v2\/media\/13418"}],"wp:attachment":[{"href":"https:\/\/bschairs.it\/de\/wp-json\/wp\/v2\/media?parent=13277"}],"wp:term":[{"taxonomy":"product_brand","embeddable":true,"href":"https:\/\/bschairs.it\/de\/wp-json\/wp\/v2\/product_brand?post=13277"},{"taxonomy":"product_cat","embeddable":true,"href":"https:\/\/bschairs.it\/de\/wp-json\/wp\/v2\/product_cat?post=13277"},{"taxonomy":"product_tag","embeddable":true,"href":"https:\/\/bschairs.it\/de\/wp-json\/wp\/v2\/product_tag?post=13277"}],"curies":[{"name":"wp","href":"https:\/\/api.w.org\/{rel}","templated":true}]}}