{"id":13303,"date":"2024-02-13T14:22:26","date_gmt":"2024-02-13T14:22:26","guid":{"rendered":"https:\/\/bschairs.it\/?post_type=product&#038;p=13303"},"modified":"2024-05-21T08:06:16","modified_gmt":"2024-05-21T08:06:16","slug":"memphis-2","status":"publish","type":"product","link":"https:\/\/bschairs.it\/de\/negozio\/tutti-gli-stili\/stile-contemporaneo\/memphis-2\/","title":{"rendered":"Memphis"},"content":{"rendered":"<p>Esszimmerstuhl f\u00fcr Restaurants und Hotels. Das Produkt verf\u00fcgt \u00fcber einen gepolsterten Sitz und R\u00fcckenlehne, die mit einem samtigen Stoff bezogen sind und eine weiche und einladende Oberfl\u00e4che bieten. Das geschwungene Design der R\u00fcckenlehne umarmt den K\u00f6rper und bietet Unterst\u00fctzung und Komfort.<\/p>","protected":false},"excerpt":{"rendered":"<p>Esszimmerstuhl f\u00fcr Restaurants und Hotels. Das Produkt verf\u00fcgt \u00fcber einen gepolsterten Sitz und R\u00fcckenlehne, die mit einem samtigen Stoff bezogen sind und eine weiche und einladende Oberfl\u00e4che bieten. Das geschwungene Design der R\u00fcckenlehne umarmt den K\u00f6rper und bietet Unterst\u00fctzung und Komfort.<\/p>","protected":false},"featured_media":13430,"comment_status":"closed","ping_status":"closed","template":"","meta":[],"product_brand":[],"product_cat":[126,125],"product_tag":[133],"class_list":{"0":"post-13303","1":"product","2":"type-product","3":"status-publish","4":"has-post-thumbnail","6":"product_cat-stile-contemporaneo","7":"product_cat-tutti-gli-stili","8":"product_tag-poltroncine","10":"first","11":"instock","12":"shipping-taxable","13":"product-type-simple"},"_links":{"self":[{"href":"https:\/\/bschairs.it\/de\/wp-json\/wp\/v2\/product\/13303","targetHints":{"allow":["GET"]}}],"collection":[{"href":"https:\/\/bschairs.it\/de\/wp-json\/wp\/v2\/product"}],"about":[{"href":"https:\/\/bschairs.it\/de\/wp-json\/wp\/v2\/types\/product"}],"replies":[{"embeddable":true,"href":"https:\/\/bschairs.it\/de\/wp-json\/wp\/v2\/comments?post=13303"}],"wp:featuredmedia":[{"embeddable":true,"href":"https:\/\/bschairs.it\/de\/wp-json\/wp\/v2\/media\/13430"}],"wp:attachment":[{"href":"https:\/\/bschairs.it\/de\/wp-json\/wp\/v2\/media?parent=13303"}],"wp:term":[{"taxonomy":"product_brand","embeddable":true,"href":"https:\/\/bschairs.it\/de\/wp-json\/wp\/v2\/product_brand?post=13303"},{"taxonomy":"product_cat","embeddable":true,"href":"https:\/\/bschairs.it\/de\/wp-json\/wp\/v2\/product_cat?post=13303"},{"taxonomy":"product_tag","embeddable":true,"href":"https:\/\/bschairs.it\/de\/wp-json\/wp\/v2\/product_tag?post=13303"}],"curies":[{"name":"wp","href":"https:\/\/api.w.org\/{rel}","templated":true}]}}