{"id":13304,"date":"2024-02-13T14:22:26","date_gmt":"2024-02-13T14:22:26","guid":{"rendered":"https:\/\/bschairs.it\/?post_type=product&#038;p=13304"},"modified":"2024-05-21T08:06:58","modified_gmt":"2024-05-21T08:06:58","slug":"dublino","status":"publish","type":"product","link":"https:\/\/bschairs.it\/de\/negozio\/tutti-gli-stili\/stile-contemporaneo\/dublino\/","title":{"rendered":"Dublino"},"content":{"rendered":"<p>Stuhl f\u00fcr Hotel-Lounges und Restaurants, gekennzeichnet durch eine lebendige Kombination von anpassbaren Stoffen. Die Beine bestehen aus hellem europ\u00e4ischem Buchenholz mit einer nat\u00fcrlichen Oberfl\u00e4che und schlanker Form, die das Design vervollst\u00e4ndigen und Stabilit\u00e4t sowie \u00e4sthetische Koh\u00e4renz gew\u00e4hrleisten.<\/p>","protected":false},"excerpt":{"rendered":"<p>Stuhl f\u00fcr Hotel-Lounges und Restaurants, gekennzeichnet durch eine lebendige Kombination von anpassbaren Stoffen. Die Beine bestehen aus hellem europ\u00e4ischem Buchenholz mit einer nat\u00fcrlichen Oberfl\u00e4che und schlanker Form, die das Design vervollst\u00e4ndigen und Stabilit\u00e4t sowie \u00e4sthetische Koh\u00e4renz gew\u00e4hrleisten.<\/p>","protected":false},"featured_media":13434,"comment_status":"closed","ping_status":"closed","template":"","meta":[],"product_brand":[],"product_cat":[126,125],"product_tag":[133],"class_list":{"0":"post-13304","1":"product","2":"type-product","3":"status-publish","4":"has-post-thumbnail","6":"product_cat-stile-contemporaneo","7":"product_cat-tutti-gli-stili","8":"product_tag-poltroncine","10":"first","11":"instock","12":"shipping-taxable","13":"product-type-simple"},"_links":{"self":[{"href":"https:\/\/bschairs.it\/de\/wp-json\/wp\/v2\/product\/13304","targetHints":{"allow":["GET"]}}],"collection":[{"href":"https:\/\/bschairs.it\/de\/wp-json\/wp\/v2\/product"}],"about":[{"href":"https:\/\/bschairs.it\/de\/wp-json\/wp\/v2\/types\/product"}],"replies":[{"embeddable":true,"href":"https:\/\/bschairs.it\/de\/wp-json\/wp\/v2\/comments?post=13304"}],"wp:featuredmedia":[{"embeddable":true,"href":"https:\/\/bschairs.it\/de\/wp-json\/wp\/v2\/media\/13434"}],"wp:attachment":[{"href":"https:\/\/bschairs.it\/de\/wp-json\/wp\/v2\/media?parent=13304"}],"wp:term":[{"taxonomy":"product_brand","embeddable":true,"href":"https:\/\/bschairs.it\/de\/wp-json\/wp\/v2\/product_brand?post=13304"},{"taxonomy":"product_cat","embeddable":true,"href":"https:\/\/bschairs.it\/de\/wp-json\/wp\/v2\/product_cat?post=13304"},{"taxonomy":"product_tag","embeddable":true,"href":"https:\/\/bschairs.it\/de\/wp-json\/wp\/v2\/product_tag?post=13304"}],"curies":[{"name":"wp","href":"https:\/\/api.w.org\/{rel}","templated":true}]}}