{"id":13306,"date":"2024-02-13T14:22:26","date_gmt":"2024-02-13T14:22:26","guid":{"rendered":"https:\/\/bschairs.it\/?post_type=product&#038;p=13306"},"modified":"2024-05-21T08:08:25","modified_gmt":"2024-05-21T08:08:25","slug":"tromso","status":"publish","type":"product","link":"https:\/\/bschairs.it\/de\/negozio\/tutti-gli-stili\/stile-contemporaneo\/tromso\/","title":{"rendered":"Tromso"},"content":{"rendered":"<p>Dieser Stuhl ist gepolstert und mit handgen\u00e4htem Stoff bezogen, was eine weiche und bequeme Oberfl\u00e4che bietet. Er ist eine ideale Wahl f\u00fcr jede Umgebung, vom lockeren Esszimmer bis hin zu einem modernen Entspannungsbereich.<\/p>","protected":false},"excerpt":{"rendered":"<p>Dieser Stuhl ist gepolstert und mit handgen\u00e4htem Stoff bezogen, was eine weiche und bequeme Oberfl\u00e4che bietet. Er ist eine ideale Wahl f\u00fcr jede Umgebung, vom lockeren Esszimmer bis hin zu einem modernen Entspannungsbereich.<\/p>","protected":false},"featured_media":13446,"comment_status":"closed","ping_status":"closed","template":"","meta":[],"product_brand":[],"product_cat":[126,125],"product_tag":[130],"class_list":{"0":"post-13306","1":"product","2":"type-product","3":"status-publish","4":"has-post-thumbnail","6":"product_cat-stile-contemporaneo","7":"product_cat-tutti-gli-stili","8":"product_tag-sedie","10":"first","11":"instock","12":"shipping-taxable","13":"product-type-simple"},"_links":{"self":[{"href":"https:\/\/bschairs.it\/de\/wp-json\/wp\/v2\/product\/13306","targetHints":{"allow":["GET"]}}],"collection":[{"href":"https:\/\/bschairs.it\/de\/wp-json\/wp\/v2\/product"}],"about":[{"href":"https:\/\/bschairs.it\/de\/wp-json\/wp\/v2\/types\/product"}],"replies":[{"embeddable":true,"href":"https:\/\/bschairs.it\/de\/wp-json\/wp\/v2\/comments?post=13306"}],"wp:featuredmedia":[{"embeddable":true,"href":"https:\/\/bschairs.it\/de\/wp-json\/wp\/v2\/media\/13446"}],"wp:attachment":[{"href":"https:\/\/bschairs.it\/de\/wp-json\/wp\/v2\/media?parent=13306"}],"wp:term":[{"taxonomy":"product_brand","embeddable":true,"href":"https:\/\/bschairs.it\/de\/wp-json\/wp\/v2\/product_brand?post=13306"},{"taxonomy":"product_cat","embeddable":true,"href":"https:\/\/bschairs.it\/de\/wp-json\/wp\/v2\/product_cat?post=13306"},{"taxonomy":"product_tag","embeddable":true,"href":"https:\/\/bschairs.it\/de\/wp-json\/wp\/v2\/product_tag?post=13306"}],"curies":[{"name":"wp","href":"https:\/\/api.w.org\/{rel}","templated":true}]}}