{"id":13308,"date":"2024-09-13T14:22:26","date_gmt":"2024-09-13T14:22:26","guid":{"rendered":"https:\/\/bschairs.it\/?post_type=product&#038;p=13308"},"modified":"2024-10-07T07:48:15","modified_gmt":"2024-10-07T07:48:15","slug":"bruxelles","status":"publish","type":"product","link":"https:\/\/bschairs.it\/de\/negozio\/tutti-gli-stili\/stile-contemporaneo\/bruxelles\/","title":{"rendered":"Bruxelles"},"content":{"rendered":"<p>Eleganter Esszimmerstuhl, der eine moderne Silhouette mit raffinierten Design-Details kombiniert. Die schlanken Beine aus schwarz lackierter Buche stechen als klarer Kontrast hervor, bieten robuste Unterst\u00fctzung und eine scharfe Silhouette, die den zeitgem\u00e4\u00dfen Look des Stuhls vervollst\u00e4ndigt.<\/p>","protected":false},"excerpt":{"rendered":"<p>Eleganter Esszimmerstuhl, der eine moderne Silhouette mit raffinierten Design-Details kombiniert. Die schlanken Beine aus schwarz lackierter Buche stechen als klarer Kontrast hervor, bieten robuste Unterst\u00fctzung und eine scharfe Silhouette, die den zeitgem\u00e4\u00dfen Look des Stuhls vervollst\u00e4ndigt.<\/p>","protected":false},"featured_media":14968,"comment_status":"closed","ping_status":"closed","template":"","meta":[],"product_brand":[],"product_cat":[126,125],"product_tag":[133],"class_list":{"0":"post-13308","1":"product","2":"type-product","3":"status-publish","4":"has-post-thumbnail","6":"product_cat-stile-contemporaneo","7":"product_cat-tutti-gli-stili","8":"product_tag-poltroncine","10":"first","11":"instock","12":"shipping-taxable","13":"product-type-simple"},"_links":{"self":[{"href":"https:\/\/bschairs.it\/de\/wp-json\/wp\/v2\/product\/13308","targetHints":{"allow":["GET"]}}],"collection":[{"href":"https:\/\/bschairs.it\/de\/wp-json\/wp\/v2\/product"}],"about":[{"href":"https:\/\/bschairs.it\/de\/wp-json\/wp\/v2\/types\/product"}],"replies":[{"embeddable":true,"href":"https:\/\/bschairs.it\/de\/wp-json\/wp\/v2\/comments?post=13308"}],"wp:featuredmedia":[{"embeddable":true,"href":"https:\/\/bschairs.it\/de\/wp-json\/wp\/v2\/media\/14968"}],"wp:attachment":[{"href":"https:\/\/bschairs.it\/de\/wp-json\/wp\/v2\/media?parent=13308"}],"wp:term":[{"taxonomy":"product_brand","embeddable":true,"href":"https:\/\/bschairs.it\/de\/wp-json\/wp\/v2\/product_brand?post=13308"},{"taxonomy":"product_cat","embeddable":true,"href":"https:\/\/bschairs.it\/de\/wp-json\/wp\/v2\/product_cat?post=13308"},{"taxonomy":"product_tag","embeddable":true,"href":"https:\/\/bschairs.it\/de\/wp-json\/wp\/v2\/product_tag?post=13308"}],"curies":[{"name":"wp","href":"https:\/\/api.w.org\/{rel}","templated":true}]}}