{"id":13335,"date":"2024-02-13T14:22:52","date_gmt":"2024-02-13T14:22:52","guid":{"rendered":"https:\/\/bschairs.it\/?post_type=product&#038;p=13335"},"modified":"2024-05-21T08:01:31","modified_gmt":"2024-05-21T08:01:31","slug":"helsinki","status":"publish","type":"product","link":"https:\/\/bschairs.it\/de\/negozio\/tutti-gli-stili\/stile-contemporaneo\/helsinki\/","title":{"rendered":"Helsinki"},"content":{"rendered":"<p>Stuhl mit minimalistischem Design, ideal, um Ihrem Esszimmer oder Loungebereich Stil und Einfachheit zu verleihen. Dieser Stuhl ist eine hervorragende Wahl f\u00fcr diejenigen, die ein funktionales M\u00f6belst\u00fcck suchen, das \u00c4sthetik und Eleganz vereint.<\/p>","protected":false},"excerpt":{"rendered":"<p>Stuhl mit minimalistischem Design, ideal, um Ihrem Esszimmer oder Loungebereich Stil und Einfachheit zu verleihen. Dieser Stuhl ist eine hervorragende Wahl f\u00fcr diejenigen, die ein funktionales M\u00f6belst\u00fcck suchen, das \u00c4sthetik und Eleganz vereint.<\/p>","protected":false},"featured_media":13458,"comment_status":"closed","ping_status":"closed","template":"","meta":[],"product_brand":[],"product_cat":[126,125],"product_tag":[130],"class_list":{"0":"post-13335","1":"product","2":"type-product","3":"status-publish","4":"has-post-thumbnail","6":"product_cat-stile-contemporaneo","7":"product_cat-tutti-gli-stili","8":"product_tag-sedie","10":"first","11":"instock","12":"shipping-taxable","13":"product-type-simple"},"_links":{"self":[{"href":"https:\/\/bschairs.it\/de\/wp-json\/wp\/v2\/product\/13335","targetHints":{"allow":["GET"]}}],"collection":[{"href":"https:\/\/bschairs.it\/de\/wp-json\/wp\/v2\/product"}],"about":[{"href":"https:\/\/bschairs.it\/de\/wp-json\/wp\/v2\/types\/product"}],"replies":[{"embeddable":true,"href":"https:\/\/bschairs.it\/de\/wp-json\/wp\/v2\/comments?post=13335"}],"wp:featuredmedia":[{"embeddable":true,"href":"https:\/\/bschairs.it\/de\/wp-json\/wp\/v2\/media\/13458"}],"wp:attachment":[{"href":"https:\/\/bschairs.it\/de\/wp-json\/wp\/v2\/media?parent=13335"}],"wp:term":[{"taxonomy":"product_brand","embeddable":true,"href":"https:\/\/bschairs.it\/de\/wp-json\/wp\/v2\/product_brand?post=13335"},{"taxonomy":"product_cat","embeddable":true,"href":"https:\/\/bschairs.it\/de\/wp-json\/wp\/v2\/product_cat?post=13335"},{"taxonomy":"product_tag","embeddable":true,"href":"https:\/\/bschairs.it\/de\/wp-json\/wp\/v2\/product_tag?post=13335"}],"curies":[{"name":"wp","href":"https:\/\/api.w.org\/{rel}","templated":true}]}}