{"id":13336,"date":"2024-02-13T14:22:52","date_gmt":"2024-02-13T14:22:52","guid":{"rendered":"https:\/\/bschairs.it\/?post_type=product&#038;p=13336"},"modified":"2024-05-21T08:02:24","modified_gmt":"2024-05-21T08:02:24","slug":"helsinki-2","status":"publish","type":"product","link":"https:\/\/bschairs.it\/de\/negozio\/tutti-gli-stili\/stile-contemporaneo\/helsinki-2\/","title":{"rendered":"Helsinki"},"content":{"rendered":"<p>Zeitgen\u00f6ssischer Armlehnstuhl mit Beinen aus hellem Buchenholz und einer nat\u00fcrlichen Oberfl\u00e4che, die sich elegant erstrecken und dem Stuhl robuste Stabilit\u00e4t verleihen. Ein ideales Produkt f\u00fcr Hotel-Restaurants und Speises\u00e4le.<\/p>","protected":false},"excerpt":{"rendered":"<p>Zeitgen\u00f6ssischer Armlehnstuhl mit Beinen aus hellem Buchenholz und einer nat\u00fcrlichen Oberfl\u00e4che, die sich elegant erstrecken und dem Stuhl robuste Stabilit\u00e4t verleihen. Ein ideales Produkt f\u00fcr Hotel-Restaurants und Speises\u00e4le.<\/p>","protected":false},"featured_media":13463,"comment_status":"closed","ping_status":"closed","template":"","meta":[],"product_brand":[],"product_cat":[126,125],"product_tag":[133],"class_list":{"0":"post-13336","1":"product","2":"type-product","3":"status-publish","4":"has-post-thumbnail","6":"product_cat-stile-contemporaneo","7":"product_cat-tutti-gli-stili","8":"product_tag-poltroncine","10":"first","11":"instock","12":"shipping-taxable","13":"product-type-simple"},"_links":{"self":[{"href":"https:\/\/bschairs.it\/de\/wp-json\/wp\/v2\/product\/13336","targetHints":{"allow":["GET"]}}],"collection":[{"href":"https:\/\/bschairs.it\/de\/wp-json\/wp\/v2\/product"}],"about":[{"href":"https:\/\/bschairs.it\/de\/wp-json\/wp\/v2\/types\/product"}],"replies":[{"embeddable":true,"href":"https:\/\/bschairs.it\/de\/wp-json\/wp\/v2\/comments?post=13336"}],"wp:featuredmedia":[{"embeddable":true,"href":"https:\/\/bschairs.it\/de\/wp-json\/wp\/v2\/media\/13463"}],"wp:attachment":[{"href":"https:\/\/bschairs.it\/de\/wp-json\/wp\/v2\/media?parent=13336"}],"wp:term":[{"taxonomy":"product_brand","embeddable":true,"href":"https:\/\/bschairs.it\/de\/wp-json\/wp\/v2\/product_brand?post=13336"},{"taxonomy":"product_cat","embeddable":true,"href":"https:\/\/bschairs.it\/de\/wp-json\/wp\/v2\/product_cat?post=13336"},{"taxonomy":"product_tag","embeddable":true,"href":"https:\/\/bschairs.it\/de\/wp-json\/wp\/v2\/product_tag?post=13336"}],"curies":[{"name":"wp","href":"https:\/\/api.w.org\/{rel}","templated":true}]}}