{"id":13337,"date":"2024-02-13T14:22:52","date_gmt":"2024-02-13T14:22:52","guid":{"rendered":"https:\/\/bschairs.it\/?post_type=product&#038;p=13337"},"modified":"2024-05-21T08:03:10","modified_gmt":"2024-05-21T08:03:10","slug":"la-spezia","status":"publish","type":"product","link":"https:\/\/bschairs.it\/de\/negozio\/tutti-gli-stili\/stile-contemporaneo\/la-spezia\/","title":{"rendered":"La Spezia"},"content":{"rendered":"<p>Moderne Polsterstuhl, der Eleganz und Komfort vereint. Gekennzeichnet durch eine tiefe R\u00fcckenlehne und einen ger\u00e4umigen Sitz, ist dieser Sessel ideal, um in jedem Lounge-Bereich, Arbeitszimmer oder Wohnraum eine gem\u00fctliche Atmosph\u00e4re zu schaffen.<\/p>","protected":false},"excerpt":{"rendered":"<p>Moderne Polsterstuhl, der Eleganz und Komfort vereint. Gekennzeichnet durch eine tiefe R\u00fcckenlehne und einen ger\u00e4umigen Sitz, ist dieser Sessel ideal, um in jedem Lounge-Bereich, Arbeitszimmer oder Wohnraum eine gem\u00fctliche Atmosph\u00e4re zu schaffen.<\/p>","protected":false},"featured_media":13467,"comment_status":"closed","ping_status":"closed","template":"","meta":[],"product_brand":[],"product_cat":[126,125],"product_tag":[134],"class_list":{"0":"post-13337","1":"product","2":"type-product","3":"status-publish","4":"has-post-thumbnail","6":"product_cat-stile-contemporaneo","7":"product_cat-tutti-gli-stili","8":"product_tag-poltrone","10":"first","11":"instock","12":"shipping-taxable","13":"product-type-simple"},"_links":{"self":[{"href":"https:\/\/bschairs.it\/de\/wp-json\/wp\/v2\/product\/13337","targetHints":{"allow":["GET"]}}],"collection":[{"href":"https:\/\/bschairs.it\/de\/wp-json\/wp\/v2\/product"}],"about":[{"href":"https:\/\/bschairs.it\/de\/wp-json\/wp\/v2\/types\/product"}],"replies":[{"embeddable":true,"href":"https:\/\/bschairs.it\/de\/wp-json\/wp\/v2\/comments?post=13337"}],"wp:featuredmedia":[{"embeddable":true,"href":"https:\/\/bschairs.it\/de\/wp-json\/wp\/v2\/media\/13467"}],"wp:attachment":[{"href":"https:\/\/bschairs.it\/de\/wp-json\/wp\/v2\/media?parent=13337"}],"wp:term":[{"taxonomy":"product_brand","embeddable":true,"href":"https:\/\/bschairs.it\/de\/wp-json\/wp\/v2\/product_brand?post=13337"},{"taxonomy":"product_cat","embeddable":true,"href":"https:\/\/bschairs.it\/de\/wp-json\/wp\/v2\/product_cat?post=13337"},{"taxonomy":"product_tag","embeddable":true,"href":"https:\/\/bschairs.it\/de\/wp-json\/wp\/v2\/product_tag?post=13337"}],"curies":[{"name":"wp","href":"https:\/\/api.w.org\/{rel}","templated":true}]}}